{"id":777,"date":"2022-10-27T07:39:19","date_gmt":"2022-10-27T07:39:19","guid":{"rendered":"https:\/\/dual-ra.de\/?page_id=777"},"modified":"2023-02-05T17:01:24","modified_gmt":"2023-02-05T17:01:24","slug":"abfindungsrechner","status":"publish","type":"page","link":"https:\/\/dual-ra.de\/tr\/abfindungsrechner\/","title":{"rendered":"K\u0131dem tazminat\u0131 hesaplama"},"content":{"rendered":"<div data-elementor-type=\"wp-page\" data-elementor-id=\"777\" class=\"elementor elementor-777\">\r\n\t\t\t\t\t\t\t\t\t<section class=\"elementor-section elementor-top-section elementor-element elementor-element-8737fef elementor-section-full_width elementor-section-height-default elementor-section-height-default\" data-id=\"8737fef\" data-element_type=\"section\" data-settings=\"{&quot;background_background&quot;:&quot;classic&quot;}\">\r\n\t\t\t\t\t\t<div class=\"elementor-container elementor-column-gap-default\">\r\n\t\t\t\t\t<div class=\"elementor-column elementor-col-100 elementor-top-column elementor-element elementor-element-91f0f9e\" data-id=\"91f0f9e\" data-element_type=\"column\" data-settings=\"{&quot;background_background&quot;:&quot;classic&quot;}\">\r\n\t\t\t<div class=\"elementor-widget-wrap elementor-element-populated\">\r\n\t\t\t\t\t\t\t\t<div class=\"elementor-element elementor-element-87f5092 elementor-widget elementor-widget-spacer\" data-id=\"87f5092\" data-element_type=\"widget\" data-widget_type=\"spacer.default\">\r\n\t\t\t\t<div class=\"elementor-widget-container\">\r\n\t\t\t<style>\/*! elementor - v3.8.1 - 13-11-2022 *\/\r\n.elementor-column .elementor-spacer-inner{height:var(--spacer-size)}.e-con{--container-widget-width:100%}.e-con-inner>.elementor-widget-spacer,.e-con>.elementor-widget-spacer{width:var(--container-widget-width,var(--spacer-size));-ms-flex-item-align:stretch;align-self:stretch;-ms-flex-negative:0;flex-shrink:0}.e-con-inner>.elementor-widget-spacer>.elementor-widget-container,.e-con-inner>.elementor-widget-spacer>.elementor-widget-container>.elementor-spacer,.e-con>.elementor-widget-spacer>.elementor-widget-container,.e-con>.elementor-widget-spacer>.elementor-widget-container>.elementor-spacer{height:100%}.e-con-inner>.elementor-widget-spacer>.elementor-widget-container>.elementor-spacer>.elementor-spacer-inner,.e-con>.elementor-widget-spacer>.elementor-widget-container>.elementor-spacer>.elementor-spacer-inner{height:var(--container-widget-height,var(--spacer-size))}<\/style>\t\t<div class=\"elementor-spacer\">\r\n\t\t\t<div class=\"elementor-spacer-inner\"><\/div>\r\n\t\t<\/div>\r\n\t\t\t\t<\/div>\r\n\t\t\t\t<\/div>\r\n\t\t\t\t\t<\/div>\r\n\t\t<\/div>\r\n\t\t\t\t\t\t\t<\/div>\r\n\t\t<\/section>\r\n\t\t\t\t<section class=\"elementor-section elementor-top-section elementor-element elementor-element-50ed33e elementor-section-boxed elementor-section-height-default elementor-section-height-default\" data-id=\"50ed33e\" data-element_type=\"section\">\r\n\t\t\t\t\t\t<div class=\"elementor-container elementor-column-gap-default\">\r\n\t\t\t\t\t<div class=\"elementor-column elementor-col-50 elementor-top-column elementor-element elementor-element-878811e\" data-id=\"878811e\" data-element_type=\"column\" data-settings=\"{&quot;background_background&quot;:&quot;classic&quot;}\">\r\n\t\t\t<div class=\"elementor-widget-wrap elementor-element-populated\">\r\n\t\t\t\t\t\t\t\t<div class=\"elementor-element elementor-element-dc281c1 elementor-widget elementor-widget-heading\" data-id=\"dc281c1\" data-element_type=\"widget\" data-widget_type=\"heading.default\">\r\n\t\t\t\t<div class=\"elementor-widget-container\">\r\n\t\t\t<style>\/*! elementor - v3.8.1 - 13-11-2022 *\/\r\n.elementor-heading-title{padding:0;margin:0;line-height:1}.elementor-widget-heading .elementor-heading-title[class*=elementor-size-]>a{color:inherit;font-size:inherit;line-height:inherit}.elementor-widget-heading .elementor-heading-title.elementor-size-small{font-size:15px}.elementor-widget-heading .elementor-heading-title.elementor-size-medium{font-size:19px}.elementor-widget-heading .elementor-heading-title.elementor-size-large{font-size:29px}.elementor-widget-heading .elementor-heading-title.elementor-size-xl{font-size:39px}.elementor-widget-heading .elementor-heading-title.elementor-size-xxl{font-size:59px}<\/style><h1 class=\"elementor-heading-title elementor-size-default\">K\u0131dem tazminat\u0131 hesaplama<\/h1>\t\t<\/div>\r\n\t\t\t\t<\/div>\r\n\t\t\t\t<div class=\"elementor-element elementor-element-b98a09c elementor-widget elementor-widget-text-editor\" data-id=\"b98a09c\" data-element_type=\"widget\" data-widget_type=\"text-editor.default\">\r\n\t\t\t\t<div class=\"elementor-widget-container\">\r\n\t\t\t<style>\/*! elementor - v3.8.1 - 13-11-2022 *\/\r\n.elementor-widget-text-editor.elementor-drop-cap-view-stacked .elementor-drop-cap{background-color:#818a91;color:#fff}.elementor-widget-text-editor.elementor-drop-cap-view-framed .elementor-drop-cap{color:#818a91;border:3px solid;background-color:transparent}.elementor-widget-text-editor:not(.elementor-drop-cap-view-default) .elementor-drop-cap{margin-top:8px}.elementor-widget-text-editor:not(.elementor-drop-cap-view-default) .elementor-drop-cap-letter{width:1em;height:1em}.elementor-widget-text-editor .elementor-drop-cap{float:left;text-align:center;line-height:1;font-size:50px}.elementor-widget-text-editor .elementor-drop-cap-letter{display:inline-block}<\/style>\t\t\t\t<p>K\u0131dem tazminat\u0131 hesaplay\u0131c\u0131m\u0131z ile fesih durumunda bireysel k\u0131dem tazminat\u0131n\u0131z\u0131 kolay ve h\u0131zl\u0131 bir \u015fekilde hesaplayabilirsiniz. \u00c7al\u0131\u015fan veya i\u015fveren olman\u0131z fark etmez - arac\u0131m\u0131z her iki taraf i\u00e7in de katma de\u011fer sunar.<\/p>\t\t\t\t\t\t<\/div>\r\n\t\t\t\t<\/div>\r\n\t\t\t\t<div class=\"elementor-element elementor-element-63deaa0 elementor-widget elementor-widget-button\" data-id=\"63deaa0\" data-element_type=\"widget\" data-widget_type=\"button.default\">\r\n\t\t\t\t<div class=\"elementor-widget-container\">\r\n\t\t\t\t\t<div class=\"elementor-button-wrapper\">\r\n\t\t\t<a href=\"#abfindung\" target=\"_blank\" class=\"elementor-button-link elementor-button elementor-size-sm\" role=\"button\">\r\n\t\t\t\t\t\t<span class=\"elementor-button-content-wrapper\">\r\n\t\t\t\t\t\t\t<span class=\"elementor-button-icon elementor-align-icon-right\">\r\n\t\t\t\t<i aria-hidden=\"true\" class=\"icon icon-right-arrow\"><\/i>\t\t\t<\/span>\r\n\t\t\t\t\t\t<span class=\"elementor-button-text\">K\u0131dem tazminat\u0131 hesaplay\u0131c\u0131s\u0131na<\/span>\r\n\t\t<\/span>\r\n\t\t\t\t\t<\/a>\r\n\t\t<\/div>\r\n\t\t\t\t<\/div>\r\n\t\t\t\t<\/div>\r\n\t\t\t\t\t<\/div>\r\n\t\t<\/div>\r\n\t\t\t\t<div class=\"elementor-column elementor-col-50 elementor-top-column elementor-element elementor-element-f27d512\" data-id=\"f27d512\" data-element_type=\"column\">\r\n\t\t\t<div class=\"elementor-widget-wrap\">\r\n\t\t\t\t\t\t\t\t\t<\/div>\r\n\t\t<\/div>\r\n\t\t\t\t\t\t\t<\/div>\r\n\t\t<\/section>\r\n\t\t\t\t<section class=\"elementor-section elementor-top-section elementor-element elementor-element-ce9ccc3 elementor-section-boxed elementor-section-height-default elementor-section-height-default\" data-id=\"ce9ccc3\" data-element_type=\"section\">\r\n\t\t\t\t\t\t<div class=\"elementor-container elementor-column-gap-default\">\r\n\t\t\t\t\t<div class=\"elementor-column elementor-col-100 elementor-top-column elementor-element elementor-element-14f2396\" data-id=\"14f2396\" data-element_type=\"column\">\r\n\t\t\t<div class=\"elementor-widget-wrap elementor-element-populated\">\r\n\t\t\t\t\t\t\t\t<div class=\"elementor-element elementor-element-1835498 elementor-view-default elementor-widget elementor-widget-icon\" data-id=\"1835498\" data-element_type=\"widget\" data-widget_type=\"icon.default\">\r\n\t\t\t\t<div class=\"elementor-widget-container\">\r\n\t\t\t\t\t<div class=\"elementor-icon-wrapper\">\r\n\t\t\t<div class=\"elementor-icon\">\r\n\t\t\t<i aria-hidden=\"true\" class=\"icon icon-calculator-1\"><\/i>\t\t\t<\/div>\r\n\t\t<\/div>\r\n\t\t\t\t<\/div>\r\n\t\t\t\t<\/div>\r\n\t\t\t\t<div class=\"elementor-element elementor-element-10a2ca3 elementor-widget elementor-widget-heading\" data-id=\"10a2ca3\" data-element_type=\"widget\" data-widget_type=\"heading.default\">\r\n\t\t\t\t<div class=\"elementor-widget-container\">\r\n\t\t\t<h2 class=\"elementor-heading-title elementor-size-default\">K\u0131dem tazminat\u0131n\u0131z\u0131 hesaplay\u0131n<\/h2>\t\t<\/div>\r\n\t\t\t\t<\/div>\r\n\t\t\t\t<div class=\"elementor-element elementor-element-88d60f0 elementor-widget elementor-widget-heading\" data-id=\"88d60f0\" data-element_type=\"widget\" data-widget_type=\"heading.default\">\r\n\t\t\t\t<div class=\"elementor-widget-container\">\r\n\t\t\t<h3 class=\"elementor-heading-title elementor-size-default\">k\u0131dem tazminat\u0131 hesaplay\u0131c\u0131m\u0131z ile<\/h3>\t\t<\/div>\r\n\t\t\t\t<\/div>\r\n\t\t\t\t<div class=\"elementor-element elementor-element-d837b48 elementor-widget elementor-widget-text-editor\" data-id=\"d837b48\" data-element_type=\"widget\" data-widget_type=\"text-editor.default\">\r\n\t\t\t\t<div class=\"elementor-widget-container\">\r\n\t\t\t\t\t\t\t<p>\u015eimdi deneyin ve kendiniz g\u00f6r\u00fcn. Size ba\u015far\u0131lar diliyor ve arac\u0131m\u0131z\u0131n k\u0131dem tazminat\u0131n\u0131z\u0131n hesaplanmas\u0131nda size de\u011ferli bir destek sa\u011flayaca\u011f\u0131n\u0131 umuyoruz.&nbsp;<span style=\"font-size: 17px; color: var( --e-global-color-text );\">Hem \u00e7al\u0131\u015fanlar\u0131 hem de i\u015fverenleri temsil ediyoruz ve bu konuyla ilgili t\u00fcm soru ve sorunlar\u0131n\u0131zda size yard\u0131mc\u0131 olmaya haz\u0131r\u0131z.<\/span><\/p>\n<p>Deneyimli avukatlar\u0131m\u0131z i\u015f hukuku alan\u0131nda uzmanla\u015fm\u0131\u015ft\u0131r ve en son yasa ve y\u00f6netmelikleri bilmektedir. Sizin i\u00e7in m\u00fcmk\u00fcn olan en iyi \u00e7\u00f6z\u00fcm\u00fc bulmak i\u00e7in durumunuzu derinlemesine inceliyor ve size kapsaml\u0131 tavsiyelerde bulunuyoruz.<\/p>\n<p>\u0130\u015ften \u00e7\u0131kar\u0131lmaya kar\u015f\u0131 koruma davalar\u0131nda sizi mahkemede temsil ediyor ve i\u015ften \u00e7\u0131kar\u0131lman\u0131z\u0131n yasal olmas\u0131n\u0131 ve hak etti\u011finiz k\u0131dem tazminat\u0131n\u0131 alman\u0131z\u0131 sa\u011flamak i\u00e7in \u00e7al\u0131\u015f\u0131yoruz. Ayr\u0131ca, mahkeme d\u0131\u015f\u0131 bir uzla\u015fma durumunda yetkili irtibat ki\u015finiz olarak k\u0131dem tazminat\u0131n\u0131z\u0131n hesaplanmas\u0131nda ve m\u00fczakere edilmesinde size destek oluyoruz.&nbsp;<span style=\"font-size: 17px; color: var( --e-global-color-text );\">Bizimle ileti\u015fime ge\u00e7mekten ve endi\u015felerinizi bizimle g\u00f6r\u00fc\u015fmekten \u00e7ekinmeyin. Size yard\u0131mc\u0131 olmak ve haklar\u0131n\u0131z\u0131 savunmak i\u00e7in sab\u0131rs\u0131zlan\u0131yoruz.<\/span><\/p>\t\t\t\t\t\t<\/div>\r\n\t\t\t\t<\/div>\r\n\t\t\t\t\t<\/div>\r\n\t\t<\/div>\r\n\t\t\t\t\t\t\t<\/div>\r\n\t\t<\/section>\r\n\t\t\t\t<section class=\"elementor-section elementor-top-section elementor-element elementor-element-1417876 elementor-section-boxed elementor-section-height-default elementor-section-height-default\" data-id=\"1417876\" data-element_type=\"section\" id=\"abfindung\">\r\n\t\t\t\t\t\t<div class=\"elementor-container elementor-column-gap-default\">\r\n\t\t\t\t\t<div class=\"elementor-column elementor-col-100 elementor-top-column elementor-element elementor-element-87e9130\" data-id=\"87e9130\" data-element_type=\"column\">\r\n\t\t\t<div class=\"elementor-widget-wrap elementor-element-populated\">\r\n\t\t\t\t\t\t\t\t<div class=\"elementor-element elementor-element-22849ce elementor-widget elementor-widget-shortcode\" data-id=\"22849ce\" data-element_type=\"widget\" data-widget_type=\"shortcode.default\">\r\n\t\t\t\t<div class=\"elementor-widget-container\">\r\n\t\t\t\t\t<div class=\"elementor-shortcode\"><style>\r\n    .ff_conv_app_3 { background-color: #FFFFFF; }.ff_conv_app_3 .ffc-counter-div span { color: #B80F0A; }.ff_conv_app_3 .ffc-counter-div .counter-icon-span svg { fill: #B80F0A !important; }.ff_conv_app_3 .f-label-wrap, .ff_conv_app_3 .f-answer { color: #B80F0A !important; }.ff_conv_app_3 .f-label-wrap .f-key { border-color: #B80F0A !important; }.ff_conv_app_3 .f-label-wrap .f-key-hint { border-color: #B80F0A !important; }.ff_conv_app_3 .f-answer .f-radios-wrap ul li { background-color: rgba(184,15,10, 0.1) !important; border: 1px solid #B80F0A; }.ff_conv_app_3 .f-answer .f-radios-wrap ul li:focus { background-color: rgba(184,15,10, 0.3) !important }.ff_conv_app_3 .f-answer .f-radios-wrap ul li:hover { background-color: rgba(184,15,10, 0.3) !important }.ff_conv_app_3 .f-answer .f-radios-wrap ul li.f-selected .f-key { background-color: #B80F0A !important; color: white; }.ff_conv_app_3 .f-answer .f-radios-wrap ul li.f-selected .f-key-hint { background-color: #B80F0A; }.ff_conv_app_3 .f-answer .f-radios-wrap ul li.f-selected svg { fill: #B80F0A !important; }.ff_conv_app_3 .f-answer input, .ff_conv_app_3 .f-answer textarea{ color: #B80F0A !important; box-shadow: #B80F0A  0px 1px; }.ff_conv_app_3 .f-answer input:focus, .ff_conv_app_3 .f-answer textarea:focus { box-shadow: #B80F0A  0px 2px !important; }.ff_conv_app_3 .f-answer textarea::placeholder, .ff_conv_app_3 .f-answer input::placeholder { color: #B80F0A !important; }.ff_conv_app_3 .text-success { color: #B80F0A !important; }.ff_conv_app_3 .f-answer .f-matrix-table tbody td { background-color: rgba(184,15,10, 0.1); }.ff_conv_app_3 .f-answer .f-matrix-table input { border-color: rgba(184,15,10, 0.8); }.ff_conv_app_3 .f-answer .f-matrix-table input.f-radio-control:checked::after { background-color: #B80F0A; }.ff_conv_app_3 .f-answer .f-matrix-table input:focus::before { border-color: #B80F0A; }.ff_conv_app_3 .f-answer .f-matrix-table input.f-checkbox-control:checked { background-color: #B80F0A; }.ff_conv_app_3 .f-answer .f-matrix-table tbody tr::after { border-right-color: #B80F0A; }.ff_conv_app_3 .f-answer .f-matrix-table .f-table-cell.f-row-cell { box-shadow: rgba(184,15,10, 0.1) 0px 0px 0px 100vh inset; }.ff_conv_app_3 .f-answer .ff_file_upload_field_wrap { background-color: rgba(184,15,10, 0.1); border-color: rgba(184,15,10, 0.8); }.ff_conv_app_3 .f-answer .ff_file_upload_field_wrap:hover { background-color: rgba(184,15,10, 0.3);}.ff_conv_app_3 .f-answer .ff_file_upload_field_wrap:focus-within { background-color: rgba(184,15,10, 0.3); }.ff_conv_app_3 .f-answer .ff-upload-preview { border-color: rgba(184,15,10, 0.8); }.ff_conv_app_3 .f-answer .ff-upload-preview .ff-upload-thumb { background-color: rgba(184,15,10, 0.3); }.ff_conv_app_3 .f-answer .ff-upload-preview .ff-upload-details { border-left-color: rgba(184,15,10, 0.8); }.ff_conv_app_3 .f-answer .ff-upload-preview .ff-upload-details .ff-el-progress { border-left-color: rgba(184,15,10, 0.8); }.ff_conv_app_3 .f-answer .ff-upload-preview .ff-upload-details .ff-el-progress { background-color: rgba(184,15,10, 0.1); }.ff_conv_app_3 .f-answer .ff-upload-preview .ff-upload-details .ff-el-progress .ff-el-progress-bar { background-color: #B80F0A; }.ff_conv_app_3 .f-answer .f-star-wrap .f-star-field-wrap::before { background-color: #B80F0A; }.ff_conv_app_3 .f-answer .f-star-wrap .f-star-field-wrap .f-star-field .f-star-field-star .symbolOutline { fill: #B80F0A; }.ff_conv_app_3 .f-answer .f-star-wrap .f-star-field-wrap .f-star-field .f-star-field-rating { color: #B80F0A; }.ff_conv_app_3 .f-answer .f-star-wrap .f-star-field-wrap.is-hovered .symbolFill { fill: rgba(184,15,10, 0.1); }.ff_conv_app_3 .f-answer .f-star-wrap .f-star-field-wrap.is-selected .symbolFill { fill: #B80F0A; }.ff_conv_app_3 .f-answer .f-payment-summary-wrap tbody td { background-color: rgba(184,15,10, 0.1); }.ff_conv_app_3 .f-answer .f-payment-summary-wrap tfoot th { background-color: rgba(184,15,10, 0.1); }.ff_conv_app_3 .f-answer .stripe-inline-holder { border-bottom: 1px solid #B80F0A; }.ff_conv_app_3 .f-answer .StripeElement--focus { border-bottom: 2.5px solid #B80F0A; }.ff_conv_app_3 .ff_conv_input .f-info { color: #B80F0A; }.ff_conv_app_3 .fh2 .f-text { color: #191919; }.ff_conv_app_3 .fh2 .f-tagline, .ff_conv_app_3 .f-sub .f-help { color: rgba(25,25,25, 0.70); }.ff_conv_app_3 .fh2 .stripe-inline-header { color: #191919; }.ff_conv_app_3 .q-inner .o-btn-action, .ff_conv_app_3 .footer-inner-wrap .f-nav { background-color: #B80F0A; }.ff_conv_app_3 .q-inner .o-btn-action span, .ff_conv_app_3 .footer-inner-wrap .f-nav a { color: #FFFFFF; } .ff_conv_app_3 .f-enter .f-enter-desc { color: #B80F0A; }.ff_conv_app_3 .footer-inner-wrap .f-nav a svg { fill: #FFFFFF; }.ff_conv_app_3 .vff-footer .f-progress-bar { background-color: rgba(184,15,10, 0.3); }.ff_conv_app_3 .vff-footer .f-progress-bar-inner { background-color: #B80F0A; }.ff_conv_app_3 .q-inner .o-btn-action:hover { background-color: #B80F0AD6; }.ff_conv_app_3 .q-inner .o-btn-action:focus::after { border-radius: 6px; inset: -3px; box-shadow: #B80F0A 0px 0px 0px 2px; }.ff_conv_app_3 .f-answer .f-radios-wrap ul li.f-selected .f-key { color: #FFFFFF; }.ff_conv_app_3 .footer-inner-wrap .f-nav a.ffc_power { display: none !important; }.ff_conv_app_3 .f-radios .f-key { display: flex !important; } .ff-btn-submit { background-color: #409EFF; color: #ffffff; }<\/style>\r\n<div class=\"ffc_conv_wrapper ffc_inline_form\">\r\n    <div class=\"ff_conv_app fluent_form_3 ff_conv_app_frame ff_conv_app_3 ffc_media_hide_mob_no\">\r\n        <div data-var_name=\"fluent_forms_global_var_1\" class=\"ffc_conv_form\" style=\"width: 100%\" id=\"ffc_app_instance_1\"><\/div>\r\n    <\/div>\r\n<\/div><\/div>\r\n\t\t\t\t<\/div>\r\n\t\t\t\t<\/div>\r\n\t\t\t\t\t<\/div>\r\n\t\t<\/div>\r\n\t\t\t\t\t\t\t<\/div>\r\n\t\t<\/section>\r\n\t\t\t\t\t\t\t<\/div>","protected":false},"excerpt":{"rendered":"<p>K\u0131dem tazminat\u0131 hesaplay\u0131c\u0131s\u0131 K\u0131dem tazminat\u0131 hesaplay\u0131c\u0131m\u0131z ile i\u015ften \u00e7\u0131kar\u0131lma durumunda bireysel k\u0131dem tazminat\u0131n\u0131z\u0131 kolay ve h\u0131zl\u0131 bir \u015fekilde hesaplayabilirsiniz. \u00c7al\u0131\u015fan veya i\u015fveren olman\u0131z fark etmez - arac\u0131m\u0131z her iki taraf i\u00e7in de katma de\u011fer sunar. K\u0131dem tazminat\u0131 hesaplay\u0131c\u0131s\u0131na K\u0131dem tazminat\u0131 hesaplay\u0131c\u0131m\u0131z ile k\u0131dem tazminat\u0131n\u0131z\u0131 hesaplay\u0131n \u015eimdi deneyin ve [...]<\/p>","protected":false},"author":1,"featured_media":0,"parent":0,"menu_order":0,"comment_status":"closed","ping_status":"closed","template":"elementor_header_footer","meta":[],"yoast_head":"<!-- This site is optimized with the Yoast SEO plugin v19.11 - https:\/\/yoast.com\/wordpress\/plugins\/seo\/ -->\n<title>Abfindungsrechner - DUAL Rechtsanwaltskanzlei<\/title>\n<meta name=\"description\" content=\"Mit unserem Abfindungsrechner k\u00f6nnen Sie ganz einfach und schnell Ihre individuelle Abfindung im Falle einer K\u00fcndigung berechnen.\" \/>\n<meta name=\"robots\" content=\"index, follow, max-snippet:-1, max-image-preview:large, max-video-preview:-1\" \/>\n<link rel=\"canonical\" href=\"https:\/\/dual-ra.de\/tr\/abfindungsrechner\/\" \/>\n<meta property=\"og:locale\" content=\"tr_TR\" \/>\n<meta property=\"og:type\" content=\"article\" \/>\n<meta property=\"og:title\" content=\"Abfindungsrechner - DUAL Rechtsanwaltskanzlei\" \/>\n<meta property=\"og:description\" content=\"Mit unserem Abfindungsrechner k\u00f6nnen Sie ganz einfach und schnell Ihre individuelle Abfindung im Falle einer K\u00fcndigung berechnen.\" \/>\n<meta property=\"og:url\" content=\"https:\/\/dual-ra.de\/tr\/abfindungsrechner\/\" \/>\n<meta property=\"og:site_name\" content=\"Altun Turak\" \/>\n<meta property=\"article:modified_time\" content=\"2023-02-05T17:01:24+00:00\" \/>\n<meta name=\"twitter:card\" content=\"summary_large_image\" \/>\n<meta name=\"twitter:label1\" content=\"Tahmini okuma s\u00fcresi\" \/>\n\t<meta name=\"twitter:data1\" content=\"4 dakika\" \/>\n<script type=\"application\/ld+json\" class=\"yoast-schema-graph\">{\"@context\":\"https:\/\/schema.org\",\"@graph\":[{\"@type\":\"WebPage\",\"@id\":\"https:\/\/dual-ra.de\/tr\/abfindungsrechner\/\",\"url\":\"https:\/\/dual-ra.de\/tr\/abfindungsrechner\/\",\"name\":\"Abfindungsrechner - DUAL Rechtsanwaltskanzlei\",\"isPartOf\":{\"@id\":\"https:\/\/dual-ra.de\/#website\"},\"datePublished\":\"2022-10-27T07:39:19+00:00\",\"dateModified\":\"2023-02-05T17:01:24+00:00\",\"description\":\"Mit unserem Abfindungsrechner k\u00f6nnen Sie ganz einfach und schnell Ihre individuelle Abfindung im Falle einer K\u00fcndigung berechnen.\",\"breadcrumb\":{\"@id\":\"https:\/\/dual-ra.de\/tr\/abfindungsrechner\/#breadcrumb\"},\"inLanguage\":\"tr\",\"potentialAction\":[{\"@type\":\"ReadAction\",\"target\":[\"https:\/\/dual-ra.de\/tr\/abfindungsrechner\/\"]}]},{\"@type\":\"BreadcrumbList\",\"@id\":\"https:\/\/dual-ra.de\/tr\/abfindungsrechner\/#breadcrumb\",\"itemListElement\":[{\"@type\":\"ListItem\",\"position\":1,\"name\":\"Startseite\",\"item\":\"https:\/\/dual-ra.de\/\"},{\"@type\":\"ListItem\",\"position\":2,\"name\":\"Abfindungsrechner\"}]},{\"@type\":\"WebSite\",\"@id\":\"https:\/\/dual-ra.de\/#website\",\"url\":\"https:\/\/dual-ra.de\/\",\"name\":\"Altun Turak\",\"description\":\"\",\"potentialAction\":[{\"@type\":\"SearchAction\",\"target\":{\"@type\":\"EntryPoint\",\"urlTemplate\":\"https:\/\/dual-ra.de\/?s={search_term_string}\"},\"query-input\":\"required name=search_term_string\"}],\"inLanguage\":\"tr\"}]}<\/script>\n<!-- \/ Yoast SEO plugin. -->","yoast_head_json":{"title":"Abfindungsrechner - DUAL Rechtsanwaltskanzlei","description":"Mit unserem Abfindungsrechner k\u00f6nnen Sie ganz einfach und schnell Ihre individuelle Abfindung im Falle einer K\u00fcndigung berechnen.","robots":{"index":"index","follow":"follow","max-snippet":"max-snippet:-1","max-image-preview":"max-image-preview:large","max-video-preview":"max-video-preview:-1"},"canonical":"https:\/\/dual-ra.de\/tr\/abfindungsrechner\/","og_locale":"tr_TR","og_type":"article","og_title":"Abfindungsrechner - DUAL Rechtsanwaltskanzlei","og_description":"Mit unserem Abfindungsrechner k\u00f6nnen Sie ganz einfach und schnell Ihre individuelle Abfindung im Falle einer K\u00fcndigung berechnen.","og_url":"https:\/\/dual-ra.de\/tr\/abfindungsrechner\/","og_site_name":"Altun Turak","article_modified_time":"2023-02-05T17:01:24+00:00","twitter_card":"summary_large_image","twitter_misc":{"Tahmini okuma s\u00fcresi":"4 dakika"},"schema":{"@context":"https:\/\/schema.org","@graph":[{"@type":"WebPage","@id":"https:\/\/dual-ra.de\/tr\/abfindungsrechner\/","url":"https:\/\/dual-ra.de\/tr\/abfindungsrechner\/","name":"Abfindungsrechner - DUAL Rechtsanwaltskanzlei","isPartOf":{"@id":"https:\/\/dual-ra.de\/#website"},"datePublished":"2022-10-27T07:39:19+00:00","dateModified":"2023-02-05T17:01:24+00:00","description":"Mit unserem Abfindungsrechner k\u00f6nnen Sie ganz einfach und schnell Ihre individuelle Abfindung im Falle einer K\u00fcndigung berechnen.","breadcrumb":{"@id":"https:\/\/dual-ra.de\/tr\/abfindungsrechner\/#breadcrumb"},"inLanguage":"tr","potentialAction":[{"@type":"ReadAction","target":["https:\/\/dual-ra.de\/tr\/abfindungsrechner\/"]}]},{"@type":"BreadcrumbList","@id":"https:\/\/dual-ra.de\/tr\/abfindungsrechner\/#breadcrumb","itemListElement":[{"@type":"ListItem","position":1,"name":"Startseite","item":"https:\/\/dual-ra.de\/"},{"@type":"ListItem","position":2,"name":"Abfindungsrechner"}]},{"@type":"WebSite","@id":"https:\/\/dual-ra.de\/#website","url":"https:\/\/dual-ra.de\/","name":"Altun Turak","description":"","potentialAction":[{"@type":"SearchAction","target":{"@type":"EntryPoint","urlTemplate":"https:\/\/dual-ra.de\/?s={search_term_string}"},"query-input":"required name=search_term_string"}],"inLanguage":"tr"}]}},"_links":{"self":[{"href":"https:\/\/dual-ra.de\/tr\/wp-json\/wp\/v2\/pages\/777"}],"collection":[{"href":"https:\/\/dual-ra.de\/tr\/wp-json\/wp\/v2\/pages"}],"about":[{"href":"https:\/\/dual-ra.de\/tr\/wp-json\/wp\/v2\/types\/page"}],"author":[{"embeddable":true,"href":"https:\/\/dual-ra.de\/tr\/wp-json\/wp\/v2\/users\/1"}],"replies":[{"embeddable":true,"href":"https:\/\/dual-ra.de\/tr\/wp-json\/wp\/v2\/comments?post=777"}],"version-history":[{"count":69,"href":"https:\/\/dual-ra.de\/tr\/wp-json\/wp\/v2\/pages\/777\/revisions"}],"predecessor-version":[{"id":2838,"href":"https:\/\/dual-ra.de\/tr\/wp-json\/wp\/v2\/pages\/777\/revisions\/2838"}],"wp:attachment":[{"href":"https:\/\/dual-ra.de\/tr\/wp-json\/wp\/v2\/media?parent=777"}],"curies":[{"name":"wp","href":"https:\/\/api.w.org\/{rel}","templated":true}]}}