{"id":4663,"date":"2026-02-20T15:30:47","date_gmt":"2026-02-20T15:30:47","guid":{"rendered":"https:\/\/dual-ra.de\/?page_id=4663"},"modified":"2026-02-20T16:09:13","modified_gmt":"2026-02-20T16:09:13","slug":"beschuldigtenvernehmung-polizei-muss-ich-hingehen-strafverteidiger-leverkusen","status":"publish","type":"page","link":"https:\/\/dual-ra.de\/tr\/beschuldigtenvernehmung-polizei-muss-ich-hingehen-strafverteidiger-leverkusen\/","title":{"rendered":"Beschuldigtenvernehmung Polizei"},"content":{"rendered":"<div data-elementor-type=\"wp-page\" data-elementor-id=\"4663\" class=\"elementor elementor-4663\">\r\n\t\t\t\t\t\t\t\t\t<section class=\"elementor-section elementor-top-section elementor-element elementor-element-70d08f9 elementor-section-full_width elementor-section-stretched elementor-section-height-default elementor-section-height-default\" data-id=\"70d08f9\" data-element_type=\"section\" data-settings=\"{&quot;stretch_section&quot;:&quot;section-stretched&quot;}\">\r\n\t\t\t\t\t\t<div class=\"elementor-container elementor-column-gap-default\">\r\n\t\t\t\t\t<div class=\"elementor-column elementor-col-100 elementor-top-column elementor-element elementor-element-89af1dc\" data-id=\"89af1dc\" data-element_type=\"column\">\r\n\t\t\t<div class=\"elementor-widget-wrap elementor-element-populated\">\r\n\t\t\t\t\t\t\t\t<div class=\"elementor-element elementor-element-3ace89c elementor-widget elementor-widget-html\" data-id=\"3ace89c\" data-element_type=\"widget\" data-widget_type=\"html.default\">\r\n\t\t\t\t<div class=\"elementor-widget-container\">\r\n\t\t\t<style>\r\n  \/* Scoped to this page content *\/\r\n  .dual2-wrap{max-width:1100px;margin:0 auto;padding:10px 0;}\r\n  .dual2-kicker{font-size:13px;letter-spacing:.08em;text-transform:uppercase;opacity:.75;margin:6px 0 10px;}\r\n  .dual2-hero{border-radius:16px;padding:22px 20px;background:linear-gradient(135deg, rgba(196,0,26,.10), rgba(17,17,17,.04));border:1px solid rgba(0,0,0,.06);}\r\n  .dual2-hero h1{margin:0 0 10px 0;line-height:1.15;}\r\n  .dual2-lead{font-size:18px;line-height:1.65;margin:0;}\r\n  .dual2-badges{display:flex;flex-wrap:wrap;gap:10px;margin-top:14px}\r\n  .dual2-badge{font-size:13px;padding:8px 10px;border-radius:999px;background:#fff;border:1px solid rgba(0,0,0,.08)}\r\n  .dual2-grid{display:grid;grid-template-columns: 1.6fr .9fr;gap:18px;margin-top:18px}\r\n  @media (max-width: 900px){.dual2-grid{grid-template-columns:1fr}}\r\n  .dual2-card{background:#fff;border:1px solid rgba(0,0,0,.08);border-radius:16px;padding:16px;box-shadow:0 10px 26px rgba(0,0,0,.04)}\r\n  .dual2-card h2{margin:0 0 10px 0;font-size:20px}\r\n  .dual2-soft{background:rgba(17,17,17,.03)}\r\n  .dual2-danger{background:rgba(196,0,26,.06);border-color:rgba(196,0,26,.20)}\r\n  .dual2-list{margin:10px 0 0 0;padding:0;list-style:none}\r\n  .dual2-list li{display:flex;gap:10px;align-items:flex-start;padding:8px 0;border-bottom:1px solid rgba(0,0,0,.06)}\r\n  .dual2-list li:last-child{border-bottom:none}\r\n  .dual2-ico{width:26px;height:26px;border-radius:8px;display:flex;align-items:center;justify-content:center;\r\n           background:rgba(196,0,26,.10);border:1px solid rgba(196,0,26,.18);flex:0 0 26px}\r\n  .dual2-ctaRow{display:flex;flex-wrap:wrap;gap:10px;margin-top:14px}\r\n  .dual2-btn{display:inline-block;text-decoration:none;border-radius:10px;padding:12px 14px;font-weight:800}\r\n  .dual2-btn-primary{background:#C4001A;color:#fff}\r\n  .dual2-btn-dark{background:#111;color:#fff}\r\n  .dual2-btn-outline{background:transparent;border:2px solid #C4001A;color:#C4001A}\r\n  .dual2-btn-white{background:#fff;color:#111}\r\n  .dual2-note{font-size:14px;line-height:1.6;opacity:.85;margin:10px 0 0}\r\n  .dual2-steps{display:grid;gap:10px;margin-top:10px}\r\n  .dual2-step{border-radius:14px;padding:12px;background:#fff;border:1px solid rgba(0,0,0,.08)}\r\n  .dual2-step b{display:inline-block;margin-right:6px}\r\n  .dual2-sticky{position:sticky;top:14px}\r\n  @media (max-width: 900px){.dual2-sticky{position:static}}\r\n  .dual2-mini{font-size:13px;opacity:.85}\r\n  .dual2-divider{height:1px;background:rgba(0,0,0,.08);margin:12px 0}\r\n  .dual2-faq details{border:1px solid rgba(0,0,0,.08);border-radius:14px;padding:12px;background:#fff;margin:10px 0}\r\n  .dual2-faq summary{cursor:pointer;font-weight:800}\r\n  .dual2-faq p{margin:10px 0 0;line-height:1.65}\r\n  .dual2-photo{width:100%;border-radius:14px;display:block;margin:0 0 12px 0}\r\n<\/style>\r\n\r\n<div class=\"dual2-wrap\">\r\n\r\n  <div class=\"dual2-kicker\">Strafrecht \u2022 Leverkusen & K\u00f6ln \u2022 Soforthilfe<\/div>\r\n\r\n  <div class=\"dual2-hero\">\r\n    <h1>Vorladung zur Beschuldigtenvernehmung bei der Polizei?<\/h1>\r\n    <p class=\"dual2-lead\">\r\n      Wenn Sie eine Vorladung zur <strong>Beschuldigtenvernehmung<\/strong> erhalten haben, ist das ein Schock \u2013 und v\u00f6llig normal.\r\n      <strong>Wichtig:<\/strong> Gehen Sie nicht unvorbereitet hin. In vielen F\u00e4llen ist es strategisch richtig,\r\n      <strong>zun\u00e4chst zu schweigen<\/strong> und erst nach <strong>Akteneinsicht<\/strong> zu reagieren.\r\n    <\/p>\r\n\r\n    <div class=\"dual2-badges\">\r\n      <div class=\"dual2-badge\">\u2705 Keine Aussage ohne Akte<\/div>\r\n      <div class=\"dual2-badge\">\u2705 Soforthilfe & klare Schritte<\/div>\r\n      <div class=\"dual2-badge\">\u2705 Verteidigung \u00fcbernimmt Kommunikation<\/div>\r\n    <\/div>\r\n\r\n    <div class=\"dual2-ctaRow\">\r\n      <a class=\"dual2-btn dual2-btn-primary\" href=\"tel:+4915901989971\">\ud83d\udea8 Jetzt anrufen<\/a>\r\n      <a class=\"dual2-btn dual2-btn-outline\" href=\"https:\/\/wa.me\/4915901989971?text=Guten%20Tag%2C%20ich%20habe%20eine%20Vorladung%20zur%20Beschuldigtenvernehmung%20erhalten%20und%20ben%C3%B6tige%20dringend%20eine%20Einsch%C3%A4tzung.%20Ich%20schicke%20die%20Vorladung%20als%20Foto%2FPDF.\">WhatsApp schreiben<\/a>\r\n      <a class=\"dual2-btn dual2-btn-dark\" href=\"mailto:of****@*****ra.de\" data-original-string=\"PzaNFEUaCU7EF5G8ROxWvg==5e3dyjmuMCIG3FSC+8jFCbP9bSsVQC8Z3gSvlqHY1eyGUq\/\/plE\/oQ1GCbHz9a3\/tlNr2f0cMfkV6MhqboqYV55jVI1aL60zGZWMsoyT92JQ3QATBnY\/jHuuw2sPgrzKpIUXo3H9lO3Y29uDaQ3OgSB1QDgDrxd2MbiFkrWkbY1hLN5rtL5i+qf9OovSTIZPGoc9AVu3UUbXdPdrtbHKjbsSlByw3c2XJoOB5+fuAhaasNhdvf5gJon\/BXZZk6ow0d8M76Ny1MY5PK1qnIe4oETQo9MPQTgKMtJ6ofcAK9HxgiTp+anc7zdO\/mkjNPNv7xovzb4nUJrVom0\/p55eQJC0HG+D8G7\/VnHc3xcb2qF10PkJJGFbaB4U9OfBShMzymm1InpAjLDzlOcfZI1pPmWvy+2nPo9texfobHzoYMbJiyHnIdh99Q7yNPiszitglp3qIgiK8kDaPV6nri2Le9unczqQFggEHvPXUpYTfcbudKSSTXZ5Y1KJ7gs7MghzA0cDwV5nDgRiQnr7fxv7V2yiA==\" title=\"This contact has been encoded by Anti-Spam by CleanTalk. Click to decode. To finish the decoding make sure that JavaScript is enabled in your browser.?subject=Beschuldigtenvernehmung%20%E2%80%93%20dringende%20Anfrage&body=Guten%20Tag%2C%0A%0Aich%20habe%20eine%20Vorladung%20zur%20Beschuldigtenvernehmung%20erhalten%20und%20ben%C3%B6tige%20dringend%20eine%20Einsch%C3%A4tzung.%0A%0AName%3A%0ATelefon%3A%0AVorwurf%2FDelikt%3A%0ATermin%20der%20Vernehmung%3A%0ADienststelle%2FOrt%3A%0A%0AAnhang%3A%20Vorladung%20als%20PDF%2FFoto\">E-Mail senden<\/a>\r\n    <\/div>\r\n\r\n    <p class=\"dual2-note\">\r\n      Tipp: Schicken Sie mir die Vorladung als Foto\/PDF. Dann kann ich sofort pr\u00fcfen, was sinnvoll ist (und was nicht).\r\n    <\/p>\r\n  <\/div>\r\n\r\n  <div class=\"dual2-grid\">\r\n\r\n    <!-- LEFT -->\r\n    <div>\r\n\r\n      <div class=\"dual2-card dual2-danger\">\r\n        <h2>Bitte jetzt NICHT machen<\/h2>\r\n        <ul class=\"dual2-list\">\r\n          <li><span class=\"dual2-ico\">\u26d4<\/span><div><strong>Nicht \u201ekurz erkl\u00e4ren\u201c<\/strong> \u2013 keine spontane Aussage bei der Polizei.<\/div><\/li>\r\n          <li><span class=\"dual2-ico\">\u26d4<\/span><div><strong>Nicht hingehen, um es \u201eaufzukl\u00e4ren\u201c<\/strong> \u2013 ohne Akte ist das riskant.<\/div><\/li>\r\n          <li><span class=\"dual2-ico\">\u26d4<\/span><div><strong>Keine Nachrichten<\/strong> an Beteiligte\/Zeugen \u2013 nichts \u201erichtigstellen\u201c per WhatsApp.<\/div><\/li>\r\n          <li><span class=\"dual2-ico\">\u26d4<\/span><div><strong>Nichts unterschreiben<\/strong> ohne kurze Pr\u00fcfung.<\/div><\/li>\r\n        <\/ul>\r\n        <p class=\"dual2-note\"><strong>Merksatz:<\/strong> Was einmal gesagt ist, bleibt in der Akte. Zur\u00fcckholen kann man es nicht.<\/p>\r\n      <\/div>\r\n\r\n      <div class=\"dual2-card dual2-soft\" style=\"margin-top:14px;\">\r\n        <h2>Muss ich zur Beschuldigtenvernehmung erscheinen?<\/h2>\r\n        <p style=\"line-height:1.7;margin:0;\">\r\n          Bei einer <strong>polizeilichen<\/strong> Vorladung besteht als Beschuldigte\/r in der Regel <strong>keine Pflicht<\/strong> zu erscheinen.\r\n          Selbst wenn Sie erscheinen, m\u00fcssen Sie <strong>nichts zur Sache sagen<\/strong>.\r\n        <\/p>\r\n        <div class=\"dual2-divider\"><\/div>\r\n        <p style=\"line-height:1.7;margin:0;\">\r\n          Entscheidend ist: Erst Akteneinsicht, dann Strategie. So vermeiden Sie unn\u00f6tige Selbstbelastung.\r\n        <\/p>\r\n      <\/div>\r\n\r\n      <div class=\"dual2-card\" style=\"margin-top:14px;\">\r\n        <h2>Warum ohne Akteneinsicht keine Aussage sinnvoll ist<\/h2>\r\n        <p style=\"line-height:1.7;margin:0;\">\r\n          In der Vorladung steht meist nur ein Vorwurf. Was wirklich in der Akte steht (Zeugenaussagen, Screenshots, Beweismittel,\r\n          Ermittlungsstand), kennen Sie noch nicht. Die Polizei kennt es \u2013 Sie nicht.\r\n        <\/p>\r\n        <div class=\"dual2-divider\"><\/div>\r\n        <p style=\"line-height:1.7;margin:0;\">\r\n          <strong>Grundregel:<\/strong> Erst Akteneinsicht und Verteidigungsstrategie \u2013 dann entscheiden wir, ob \u00fcberhaupt eine Einlassung\r\n          erfolgt (und wenn ja, wann und wie).\r\n        <\/p>\r\n      <\/div>\r\n\r\n      <div class=\"dual2-card\" style=\"margin-top:14px;\">\r\n        <h2>So l\u00e4uft es bei mir ab: 3 klare Schritte<\/h2>\r\n        <div class=\"dual2-steps\">\r\n          <div class=\"dual2-step\"><b>1)<\/b> Sie schicken mir kurz Vorwurf + Termin (am besten Vorladung als Foto\/PDF).<\/div>\r\n          <div class=\"dual2-step\"><b>2)<\/b> Ich \u00fcbernehme Kontakt zur Polizei\/Staatsanwaltschaft und beantrage Akteneinsicht.<\/div>\r\n          <div class=\"dual2-step\"><b>3)<\/b> Danach Strategie: Einstellung ansto\u00dfen \/ Stellungnahme \/ Verteidigung \u2013 ohne unn\u00f6tige Risiken.<\/div>\r\n        <\/div>\r\n        <p class=\"dual2-note\">Sie m\u00fcssen nicht selbst mit der Polizei kommunizieren. Das \u00fcbernehme ich.<\/p>\r\n      <\/div>\r\n\r\n      <div class=\"dual2-card\" style=\"margin-top:14px;\">\r\n        <h2>H\u00e4ufige Fragen<\/h2>\r\n        <div class=\"dual2-faq\">\r\n          <details>\r\n            <summary>Was soll ich bis zum Termin tun?<\/summary>\r\n            <p>Keine Angaben zur Sache, keine Nachrichten an Beteiligte, Vorladung sichern. Kontakt aufnehmen \u2013 ich k\u00fcmmere mich um die n\u00e4chsten Schritte.<\/p>\r\n          <\/details>\r\n          <details>\r\n            <summary>Soll ich \u201enur kurz meine Sicht\u201c schildern?<\/summary>\r\n            <p>Bitte nicht. Ohne Akteneinsicht kann das sp\u00e4ter als Widerspruch, Einr\u00e4umung oder Motiv gedeutet werden. Erst Akte, dann Strategie.<\/p>\r\n          <\/details>\r\n          <details>\r\n            <summary>Kann das Verfahren eingestellt werden?<\/summary>\r\n            <p>H\u00e4ufig ja \u2013 gerade wenn fr\u00fch sauber reagiert wird. Ziel ist, das Verfahren im Ermittlungsstadium zu beeinflussen.<\/p>\r\n          <\/details>\r\n          <details>\r\n            <summary>Wie schnell bekomme ich Hilfe?<\/summary>\r\n            <p>Akutf\u00e4lle sofort \u2013 sonst kurzfristige R\u00fcckmeldung und Termin. Wichtig: Vorladung als Foto\/PDF mitschicken.<\/p>\r\n          <\/details>\r\n          <details>\r\n            <summary>Was kostet das?<\/summary>\r\n            <p>Transparente Vorabkl\u00e4rung nach Umfang und Vorwurf. Ziel: fr\u00fch strukturieren \u2013 sp\u00e4tere Risiken und Kosten vermeiden.<\/p>\r\n          <\/details>\r\n        <\/div>\r\n      <\/div>\r\n\r\n    <\/div>\r\n\r\n    <!-- RIGHT -->\r\n    <div class=\"dual2-sticky\">\r\n\r\n      <div class=\"dual2-card\" style=\"background:#111;color:#fff;border-color:rgba(255,255,255,.12);\">\r\n        <img class=\"dual2-photo\" src=\"https:\/\/dual-ra.de\/wp-content\/uploads\/9115_weich_3-1.jpg\" alt=\"Rechtsanw\u00e4ltin Duygu Altun-Turak\">\r\n        <h2 style=\"color:#fff;margin-bottom:10px;\">Soforthilfe<\/h2>\r\n        <p style=\"margin:0;line-height:1.7;\">\r\n          <strong>Bitte gehen Sie nicht zur Vernehmung, bevor wir gesprochen haben.<\/strong>\r\n          Ein falscher Satz kann sp\u00e4ter nicht \u201ezur\u00fcckgenommen\u201c werden.\r\n        <\/p>\r\n        <div class=\"dual2-divider\" style=\"background:rgba(255,255,255,.14)\"><\/div>\r\n\r\n        <div class=\"dual2-ctaRow\" style=\"margin-top:0;\">\r\n          <a class=\"dual2-btn dual2-btn-primary\" href=\"tel:+4915901989971\">Jetzt anrufen<\/a>\r\n          <a class=\"dual2-btn dual2-btn-white\" href=\"https:\/\/wa.me\/4915901989971?text=Guten%20Tag%2C%20ich%20habe%20eine%20Vorladung%20zur%20Beschuldigtenvernehmung%20erhalten%20und%20brauche%20dringend%20eine%20Einsch%C3%A4tzung.%20Ich%20schicke%20die%20Vorladung%20als%20Foto%2FPDF.\">WhatsApp<\/a>\r\n        <\/div>\r\n\r\n        <p class=\"dual2-mini\" style=\"margin-top:10px;\">\r\n          Tipp: Vorladung (Vorwurf, Datum, Dienststelle) bereithalten.\r\n        <\/p>\r\n      <\/div>\r\n\r\n      <div class=\"dual2-card dual2-soft\" style=\"margin-top:14px;\">\r\n        <h2>Mini-Checkliste<\/h2>\r\n        <ul class=\"dual2-list\">\r\n          <li><span class=\"dual2-ico\">\ud83d\udcc4<\/span><div>Vorladung sichern \/ fotografieren<\/div><\/li>\r\n          <li><span class=\"dual2-ico\">\ud83e\udd10<\/span><div>Keine Angaben zur Sache<\/div><\/li>\r\n          <li><span class=\"dual2-ico\">\ud83e\udde0<\/span><div>Keine \u201eErkl\u00e4r-Anrufe\u201c<\/div><\/li>\r\n          <li><span class=\"dual2-ico\">\u2696\ufe0f<\/span><div>Akteneinsicht abwarten<\/div><\/li>\r\n        <\/ul>\r\n      <\/div>\r\n\r\n    <\/div>\r\n\r\n  <\/div>\r\n<\/div>\t\t<\/div>\r\n\t\t\t\t<\/div>\r\n\t\t\t\t\t<\/div>\r\n\t\t<\/div>\r\n\t\t\t\t\t\t\t<\/div>\r\n\t\t<\/section>\r\n\t\t\t\t\t\t\t<\/div>","protected":false},"excerpt":{"rendered":"<p>Strafrecht \u2022 Leverkusen &amp; K\u00f6ln \u2022 Soforthilfe Vorladung zur Beschuldigtenvernehmung bei der Polizei? Wenn Sie eine Vorladung zur Beschuldigtenvernehmung erhalten haben, ist das ein Schock \u2013 und v\u00f6llig normal. Wichtig: Gehen Sie nicht unvorbereitet hin. In vielen F\u00e4llen ist es strategisch richtig, zun\u00e4chst zu schweigen und erst nach Akteneinsicht zu reagieren. \u2705 Keine Aussage ohne [&hellip;]<\/p>","protected":false},"author":2,"featured_media":0,"parent":0,"menu_order":0,"comment_status":"closed","ping_status":"closed","template":"","meta":[],"yoast_head":"<!-- This site is optimized with the Yoast SEO plugin v19.11 - https:\/\/yoast.com\/wordpress\/plugins\/seo\/ -->\n<title>Beschuldigtenvernehmung Polizei - Altun Turak<\/title>\n<meta name=\"description\" content=\"Vorladung zur Beschuldigtenvernehmung erhalten? In den meisten F\u00e4llen m\u00fcssen Sie nicht zur Polizei erscheinen. Welche Fehler Sie jetzt vermeiden sollten und wie ich sofort helfen kann.\" \/>\n<meta name=\"robots\" content=\"index, follow, max-snippet:-1, max-image-preview:large, max-video-preview:-1\" \/>\n<link rel=\"canonical\" href=\"https:\/\/dual-ra.de\/tr\/beschuldigtenvernehmung-polizei-muss-ich-hingehen-strafverteidiger-leverkusen\/\" \/>\n<meta property=\"og:locale\" content=\"tr_TR\" \/>\n<meta property=\"og:type\" content=\"article\" \/>\n<meta property=\"og:title\" content=\"Beschuldigtenvernehmung Polizei - Altun Turak\" \/>\n<meta property=\"og:description\" content=\"Vorladung zur Beschuldigtenvernehmung erhalten? In den meisten F\u00e4llen m\u00fcssen Sie nicht zur Polizei erscheinen. Welche Fehler Sie jetzt vermeiden sollten und wie ich sofort helfen kann.\" \/>\n<meta property=\"og:url\" content=\"https:\/\/dual-ra.de\/tr\/beschuldigtenvernehmung-polizei-muss-ich-hingehen-strafverteidiger-leverkusen\/\" \/>\n<meta property=\"og:site_name\" content=\"Altun Turak\" \/>\n<meta property=\"article:modified_time\" content=\"2026-02-20T16:09:13+00:00\" \/>\n<meta property=\"og:image\" content=\"https:\/\/dual-ra.de\/wp-content\/uploads\/9115_weich_3-1.jpg\" \/>\n<meta name=\"twitter:card\" content=\"summary_large_image\" \/>\n<meta name=\"twitter:label1\" content=\"Tahmini okuma s\u00fcresi\" \/>\n\t<meta name=\"twitter:data1\" content=\"4 dakika\" \/>\n<script type=\"application\/ld+json\" class=\"yoast-schema-graph\">{\"@context\":\"https:\/\/schema.org\",\"@graph\":[{\"@type\":\"WebPage\",\"@id\":\"https:\/\/dual-ra.de\/beschuldigtenvernehmung-polizei-muss-ich-hingehen-strafverteidiger-leverkusen\/\",\"url\":\"https:\/\/dual-ra.de\/beschuldigtenvernehmung-polizei-muss-ich-hingehen-strafverteidiger-leverkusen\/\",\"name\":\"Beschuldigtenvernehmung Polizei - Altun Turak\",\"isPartOf\":{\"@id\":\"https:\/\/dual-ra.de\/#website\"},\"datePublished\":\"2026-02-20T15:30:47+00:00\",\"dateModified\":\"2026-02-20T16:09:13+00:00\",\"description\":\"Vorladung zur Beschuldigtenvernehmung erhalten? In den meisten F\u00e4llen m\u00fcssen Sie nicht zur Polizei erscheinen. Welche Fehler Sie jetzt vermeiden sollten und wie ich sofort helfen kann.\",\"breadcrumb\":{\"@id\":\"https:\/\/dual-ra.de\/beschuldigtenvernehmung-polizei-muss-ich-hingehen-strafverteidiger-leverkusen\/#breadcrumb\"},\"inLanguage\":\"tr\",\"potentialAction\":[{\"@type\":\"ReadAction\",\"target\":[\"https:\/\/dual-ra.de\/beschuldigtenvernehmung-polizei-muss-ich-hingehen-strafverteidiger-leverkusen\/\"]}]},{\"@type\":\"BreadcrumbList\",\"@id\":\"https:\/\/dual-ra.de\/beschuldigtenvernehmung-polizei-muss-ich-hingehen-strafverteidiger-leverkusen\/#breadcrumb\",\"itemListElement\":[{\"@type\":\"ListItem\",\"position\":1,\"name\":\"Startseite\",\"item\":\"https:\/\/dual-ra.de\/\"},{\"@type\":\"ListItem\",\"position\":2,\"name\":\"Beschuldigtenvernehmung Polizei\"}]},{\"@type\":\"WebSite\",\"@id\":\"https:\/\/dual-ra.de\/#website\",\"url\":\"https:\/\/dual-ra.de\/\",\"name\":\"Altun Turak\",\"description\":\"\",\"potentialAction\":[{\"@type\":\"SearchAction\",\"target\":{\"@type\":\"EntryPoint\",\"urlTemplate\":\"https:\/\/dual-ra.de\/?s={search_term_string}\"},\"query-input\":\"required name=search_term_string\"}],\"inLanguage\":\"tr\"}]}<\/script>\n<!-- \/ Yoast SEO plugin. -->","yoast_head_json":{"title":"Beschuldigtenvernehmung Polizei - Altun Turak","description":"Vorladung zur Beschuldigtenvernehmung erhalten? In den meisten F\u00e4llen m\u00fcssen Sie nicht zur Polizei erscheinen. Welche Fehler Sie jetzt vermeiden sollten und wie ich sofort helfen kann.","robots":{"index":"index","follow":"follow","max-snippet":"max-snippet:-1","max-image-preview":"max-image-preview:large","max-video-preview":"max-video-preview:-1"},"canonical":"https:\/\/dual-ra.de\/tr\/beschuldigtenvernehmung-polizei-muss-ich-hingehen-strafverteidiger-leverkusen\/","og_locale":"tr_TR","og_type":"article","og_title":"Beschuldigtenvernehmung Polizei - Altun Turak","og_description":"Vorladung zur Beschuldigtenvernehmung erhalten? In den meisten F\u00e4llen m\u00fcssen Sie nicht zur Polizei erscheinen. Welche Fehler Sie jetzt vermeiden sollten und wie ich sofort helfen kann.","og_url":"https:\/\/dual-ra.de\/tr\/beschuldigtenvernehmung-polizei-muss-ich-hingehen-strafverteidiger-leverkusen\/","og_site_name":"Altun Turak","article_modified_time":"2026-02-20T16:09:13+00:00","og_image":[{"url":"https:\/\/dual-ra.de\/wp-content\/uploads\/9115_weich_3-1.jpg"}],"twitter_card":"summary_large_image","twitter_misc":{"Tahmini okuma s\u00fcresi":"4 dakika"},"schema":{"@context":"https:\/\/schema.org","@graph":[{"@type":"WebPage","@id":"https:\/\/dual-ra.de\/beschuldigtenvernehmung-polizei-muss-ich-hingehen-strafverteidiger-leverkusen\/","url":"https:\/\/dual-ra.de\/beschuldigtenvernehmung-polizei-muss-ich-hingehen-strafverteidiger-leverkusen\/","name":"Beschuldigtenvernehmung Polizei - Altun Turak","isPartOf":{"@id":"https:\/\/dual-ra.de\/#website"},"datePublished":"2026-02-20T15:30:47+00:00","dateModified":"2026-02-20T16:09:13+00:00","description":"Vorladung zur Beschuldigtenvernehmung erhalten? In den meisten F\u00e4llen m\u00fcssen Sie nicht zur Polizei erscheinen. Welche Fehler Sie jetzt vermeiden sollten und wie ich sofort helfen kann.","breadcrumb":{"@id":"https:\/\/dual-ra.de\/beschuldigtenvernehmung-polizei-muss-ich-hingehen-strafverteidiger-leverkusen\/#breadcrumb"},"inLanguage":"tr","potentialAction":[{"@type":"ReadAction","target":["https:\/\/dual-ra.de\/beschuldigtenvernehmung-polizei-muss-ich-hingehen-strafverteidiger-leverkusen\/"]}]},{"@type":"BreadcrumbList","@id":"https:\/\/dual-ra.de\/beschuldigtenvernehmung-polizei-muss-ich-hingehen-strafverteidiger-leverkusen\/#breadcrumb","itemListElement":[{"@type":"ListItem","position":1,"name":"Startseite","item":"https:\/\/dual-ra.de\/"},{"@type":"ListItem","position":2,"name":"Beschuldigtenvernehmung Polizei"}]},{"@type":"WebSite","@id":"https:\/\/dual-ra.de\/#website","url":"https:\/\/dual-ra.de\/","name":"Altun Turak","description":"","potentialAction":[{"@type":"SearchAction","target":{"@type":"EntryPoint","urlTemplate":"https:\/\/dual-ra.de\/?s={search_term_string}"},"query-input":"required name=search_term_string"}],"inLanguage":"tr"}]}},"_links":{"self":[{"href":"https:\/\/dual-ra.de\/tr\/wp-json\/wp\/v2\/pages\/4663"}],"collection":[{"href":"https:\/\/dual-ra.de\/tr\/wp-json\/wp\/v2\/pages"}],"about":[{"href":"https:\/\/dual-ra.de\/tr\/wp-json\/wp\/v2\/types\/page"}],"author":[{"embeddable":true,"href":"https:\/\/dual-ra.de\/tr\/wp-json\/wp\/v2\/users\/2"}],"replies":[{"embeddable":true,"href":"https:\/\/dual-ra.de\/tr\/wp-json\/wp\/v2\/comments?post=4663"}],"version-history":[{"count":5,"href":"https:\/\/dual-ra.de\/tr\/wp-json\/wp\/v2\/pages\/4663\/revisions"}],"predecessor-version":[{"id":4674,"href":"https:\/\/dual-ra.de\/tr\/wp-json\/wp\/v2\/pages\/4663\/revisions\/4674"}],"wp:attachment":[{"href":"https:\/\/dual-ra.de\/tr\/wp-json\/wp\/v2\/media?parent=4663"}],"curies":[{"name":"wp","href":"https:\/\/api.w.org\/{rel}","templated":true}]}}