{"id":4293,"date":"2025-09-15T13:52:05","date_gmt":"2025-09-15T13:52:05","guid":{"rendered":"https:\/\/dual-ra.de\/?page_id=4293"},"modified":"2025-09-15T14:30:07","modified_gmt":"2025-09-15T14:30:07","slug":"online-scheidung-in-koeln","status":"publish","type":"page","link":"https:\/\/dual-ra.de\/tr\/online-scheidung-in-koeln\/","title":{"rendered":"K\u00f6ln'de \u00e7evrimi\u00e7i bo\u015fanma"},"content":{"rendered":"<div data-elementor-type=\"wp-page\" data-elementor-id=\"4293\" class=\"elementor elementor-4293\">\r\n\t\t\t\t\t\t\t\t\t<section class=\"elementor-section elementor-top-section elementor-element elementor-element-75ab82d elementor-section-stretched elementor-section-boxed elementor-section-height-default elementor-section-height-default\" data-id=\"75ab82d\" data-element_type=\"section\" data-settings=\"{&quot;stretch_section&quot;:&quot;section-stretched&quot;}\">\r\n\t\t\t\t\t\t<div class=\"elementor-container elementor-column-gap-default\">\r\n\t\t\t\t\t<div class=\"elementor-column elementor-col-100 elementor-top-column elementor-element elementor-element-8bcc933\" data-id=\"8bcc933\" data-element_type=\"column\">\r\n\t\t\t<div class=\"elementor-widget-wrap elementor-element-populated\">\r\n\t\t\t\t\t\t\t\t<div class=\"elementor-element elementor-element-37a89a4 elementor-widget elementor-widget-html\" data-id=\"37a89a4\" data-element_type=\"widget\" data-widget_type=\"html.default\">\r\n\t\t\t\t<div class=\"elementor-widget-container\">\r\n\t\t\t<!-- ===== Landingpage: Scheidungsanwalt in K\u00f6ln (DUAL) ===== -->\r\n<style>\r\n  :root{--brand:#B80F0A;--text:#111;--muted:#5a5a5a;--line:#e9e9e9;--btn:#B80F0A;--btn-t:#fff}\r\n  *{box-sizing:border-box}\r\n  body{font-family:\"Segoe UI\",\"Helvetica\",\"Arial\",sans-serif;font-size:16px;line-height:1.6;color:var(--text)}\r\n  .container{max-width:1120px;margin:0 auto;padding:clamp(16px,3vw,32px)}\r\n  a{color:var(--brand);text-decoration:none}\r\n  .btn{display:inline-block;background:var(--btn);color:var(--btn-t);padding:10px 16px;border-radius:8px;font-weight:700;text-transform:uppercase;font-size:14px;letter-spacing:.03em;border:1px solid rgba(0,0,0,.05)}\r\n  .btn.alt{background:#111}\r\n  .btn.ghost{background:#fff;color:#111;border:1px solid #111}\r\n  .badge{display:inline-block;background:#111;color:#fff;padding:6px 10px;border-radius:999px;font-size:12px;font-weight:700;letter-spacing:.03em}\r\n  .section{padding:40px 0}\r\n  h1{margin:0 0 10px;font-size:clamp(26px,3.2vw,36px);line-height:1.15;text-transform:uppercase;font-weight:700;color:var(--brand)}\r\n  h2{margin:0 0 12px;color:var(--brand);text-transform:uppercase;font-weight:700;font-size:clamp(20px,2.4vw,26px)}\r\n  h3{font-size:18px;font-weight:600;margin:0 0 6px}\r\n  .lead{font-size:17px}\r\n  .grid{display:grid;gap:18px}\r\n  .cards{display:grid;grid-template-columns:repeat(3,1fr);gap:16px}\r\n  .card{background:#fff;border:1px solid var(--line);border-radius:12px;box-shadow:0 8px 22px rgba(0,0,0,.06);padding:16px}\r\n  .hero{background:linear-gradient(135deg,#fff 45%,#f8f8f8);border-bottom:4px solid var(--brand);padding:40px 0}\r\n  .hero-inner{display:grid;grid-template-columns:1.05fr .95fr;gap:24px;align-items:center}\r\n  .hero-photo{border-radius:14px;overflow:hidden;border:1px solid var(--line);background:#fff}\r\n  .hero-photo img{display:block;width:100%;height:100%;object-fit:cover}\r\n  .iconlist{list-style:none;padding:0;margin:0;display:grid;gap:8px}\r\n  .iconlist li{padding-left:22px;position:relative}\r\n  .iconlist li:before{content:\"\u2022\";position:absolute;left:6px;top:0;color:var(--brand);font-weight:900}\r\n  .footer-redbar{background:var(--brand);color:#fff}\r\n  .footer-redbar .container{padding-top:8px;padding-bottom:8px;font-size:14px}\r\n  @media(max-width:980px){.hero-inner{grid-template-columns:1fr}.cards{grid-template-columns:1fr}}\r\n<\/style>\r\n\r\n<!-- HERO -->\r\n<section class=\"hero\" id=\"top\">\r\n  <div class=\"container hero-inner\">\r\n    <div>\r\n      <span class=\"badge\">Scheidungsanwalt \u2022 K\u00f6ln & Region<\/span>\r\n      <h1>Scheidungsanwalt in K\u00f6ln \u2013 online-Scheidung schnell & unkompliziert<\/h1>\r\n      <p class=\"lead\">Einvernehmliche Scheidung ohne Kanzleibesuch: digital, rechtssicher und transparent. Wir f\u00fchren Ihr Verfahren zum gesetzlich niedrigst m\u00f6glichen Preis \u2013 mit klarer Kommunikation und kurzer Reaktionszeit.<\/p>\r\n      <div style=\"display:flex;gap:10px;flex-wrap:wrap\">\r\n        <a class=\"btn\" href=\"https:\/\/dual-ra.de\/tr\/online-scheidung\/#formular#formular\">Online bo\u015fanmaya \u015fimdi ba\u015flay\u0131n<\/a>\r\n        <a class=\"btn alt\" href=\"https:\/\/cal.meetergo.com\/dualrechtsanwaltskanzlei\" target=\"_blank\" rel=\"noopener\">Dan\u0131\u015fma randevusu al\u0131n<\/a>\r\n        <a class=\"btn ghost\" href=\"tel:+4921486086014\">\ud83d\udcde 0214 860 86014<\/a>\r\n      <\/div>\r\n      <p style=\"margin-top:8px;color:#5a5a5a;font-size:14px\">WhatsApp \u00fczerinden de h\u0131zl\u0131 ileti\u015fim: <a href=\"https:\/\/wa.me\/4915901989971\" target=\"_blank\" rel=\"noopener\">+49 1590 1989971<\/a><\/p>\r\n    <\/div>\r\n\r\n    <!-- Rechts: Symbolfoto -->\r\n    <figure class=\"hero-photo\" role=\"img\" aria-label=\"Sembolik foto\u011fraf \u00e7evrimi\u00e7i bo\u015fanma K\u00f6ln\">\r\n      <img src=\"https:\/\/dual-ra.de\/wp-content\/uploads\/2025\/09\/nahaufnahme-paar-scheidung-scaled.jpg\" alt=\"Online-Scheidung in K\u00f6ln \u2013 Unterlagen unterzeichnen\">\r\n    <\/figure>\r\n  <\/div>\r\n<\/section>\r\n\r\n<!-- VORTEILE -->\r\n<section class=\"section\">\r\n  <div class=\"container\">\r\n    <h2>\u00c7evrimi\u00e7i bo\u015fanma ile avantajlar\u0131n\u0131z<\/h2>\r\n    <div class=\"cards\">\r\n      <div class=\"card\"><h3>Digital & bequem<\/h3><p>Starten Sie alles online \u2013 Unterlagenpr\u00fcfung & Kommunikation ohne Anfahrt.<\/p><\/div>\r\n      <div class=\"card\"><h3>\u015eeffaf maliyetler<\/h3><p>Abrechnung nach gesetzlichen Geb\u00fchren \u2013 wir kalkulieren offen & fair.<\/p><\/div>\r\n      <div class=\"card\"><h3>Schnelle Abl\u00e4ufe<\/h3><p>Direkter Draht zur Kanzlei, z\u00fcgige Antragstellung beim zust\u00e4ndigen Familiengericht.<\/p><\/div>\r\n      <div class=\"card\"><h3>Einvernehmliche L\u00f6sungen<\/h3><p>Wir steuern das Verfahren pragmatisch \u2013 mit Fokus auf Zeit & Kosten.<\/p><\/div>\r\n      <div class=\"card\"><h3>Erfahrung & Mehrsprachigkeit<\/h3><p>Deutsch \u00b7 T\u00fcrkisch \u00b7 Englisch \u2013 pers\u00f6nliche Betreuung durch Rechtsanw\u00e4ltin Duygu Altun-Turak.<\/p><\/div>\r\n      <div class=\"card\"><h3>K\u00f6ln & bundesweit<\/h3><p>Ans\u00e4ssig in Leverkusen \u2013 wir f\u00fchren Ihr Verfahren vor dem \u00f6rtlich zust\u00e4ndigen Gericht.<\/p><\/div>\r\n    <\/div>\r\n  <\/div>\r\n<\/section>\r\n\r\n<!-- ABLAUF -->\r\n<section class=\"section\" id=\"ablauf\">\r\n  <div class=\"container grid\" style=\"grid-template-columns:repeat(2,1fr)\">\r\n    <div class=\"card\">\r\n      <h2>So funktioniert\u2019s \u2013 in 3 Schritten<\/h2>\r\n      <ol class=\"iconlist\" style=\"gap:12px\">\r\n        <li><strong>Ba\u015fla:<\/strong> Kurzes Formular ausf\u00fcllen und Unterlagen hochladen.<\/li>\r\n        <li><strong>Pr\u00fcfung & Antrag:<\/strong> Wir pr\u00fcfen die Voraussetzungen und stellen den Scheidungsantrag.<\/li>\r\n        <li><strong>Termin & Beschluss:<\/strong> Gerichtstermin (meist kurz) \u2013 anschlie\u00dfend Scheidungsbeschluss.<\/li>\r\n      <\/ol>\r\n      <div style=\"margin-top:12px\">\r\n        <a class=\"btn\" href=\"https:\/\/dual-ra.de\/tr\/online-scheidung\/#formular#formular\">\u015eimdi ba\u015flay\u0131n<\/a>\r\n        <a class=\"btn alt\" href=\"https:\/\/dual-ra.de\/tr\/online-scheidung\/#faq#faq\">SSS b\u00f6l\u00fcm\u00fcn\u00fc okuyun<\/a>\r\n      <\/div>\r\n    <\/div>\r\n    <div class=\"card\">\r\n      <h2>Welche Unterlagen werden ben\u00f6tigt?<\/h2>\r\n      <ul class=\"iconlist\">\r\n        <li>Evlilik c\u00fczdan\u0131 \/ n\u00fcfus kay\u0131t \u00f6rne\u011fi<\/li>\r\n        <li>Nachweis der Trennung (Datum \/ getrennte Haushaltsf\u00fchrung)<\/li>\r\n        <li>Kimlik kart\u0131 \/ pasaport<\/li>\r\n        <li>\u0130ste\u011fe ba\u011fl\u0131: Bak\u0131m \/ tahakkuk eden kazan\u00e7lar \/ saklama anla\u015fmalar\u0131<\/li>\r\n      <\/ul>\r\n      <p style=\"margin-top:8px;color:#5a5a5a;font-size:14px\">Tipp: Fehlt etwas? Sie k\u00f6nnen Angaben nachreichen \u2013 wir begleiten Sie Schritt f\u00fcr Schritt.<\/p>\r\n    <\/div>\r\n  <\/div>\r\n<\/section>\r\n\r\n<!-- LOKALER BLOCK K\u00d6LN -->\r\n<section class=\"section\">\r\n  <div class=\"container\">\r\n    <h2>K\u00f6ln im Blick \u2013 effizient zum Beschluss<\/h2>\r\n    <p>Das zust\u00e4ndige Familiengericht richtet sich nach der letzten gemeinsamen Ehewohnung. Wir reichen Ihren Antrag beim jeweils zust\u00e4ndigen Gericht ein \u2013 im Raum K\u00f6ln\/Leverkusen sind Abl\u00e4ufe und Termine eingespielt. Sie erhalten von uns klare Checklisten, transparente Kosteninfos und verl\u00e4ssliche Updates bis zum Beschluss.<\/p>\r\n    <div style=\"margin-top:12px\">\r\n      <a class=\"btn\" href=\"https:\/\/dual-ra.de\/tr\/online-scheidung\/#formular#formular\">Ba\u011flay\u0131c\u0131 olmayan soru\u015fturma<\/a>\r\n      <a class=\"btn ghost\" href=\"tel:+4921486086014\">Telefon: 0214 860 86014<\/a>\r\n    <\/div>\r\n  <\/div>\r\n<\/section>\r\n\r\n<!-- CTA Abschluss -->\r\n<section class=\"section\" style=\"background:#fff7f7;border-top:1px solid #f1d0cf;border-bottom:4px solid #B80F0A\">\r\n  <div class=\"container\" style=\"display:flex;flex-wrap:wrap;gap:14px;align-items:center;justify-content:space-between\">\r\n    <div>\r\n      <h2 style=\"margin:0\">Starten Sie Ihre Online-Scheidung f\u00fcr K\u00f6ln<\/h2>\r\n      <p class=\"lead\" style=\"margin:6px 0 0\">Kostenlos & unverbindlich anfragen \u2013 wir melden uns kurzfristig.<\/p>\r\n    <\/div>\r\n    <div>\r\n      <a class=\"btn\" href=\"https:\/\/dual-ra.de\/tr\/online-scheidung\/#formular#formular\">\u015eimdi ba\u015flay\u0131n<\/a>\r\n      <a class=\"btn alt\" href=\"https:\/\/cal.meetergo.com\/dualrechtsanwaltskanzlei\" target=\"_blank\" rel=\"noopener\">Dan\u0131\u015fma i\u00e7in rezervasyon yapt\u0131r\u0131n<\/a>\r\n    <\/div>\r\n  <\/div>\r\n<\/section>\r\n\r\n<!-- Footer-Streifen passend zur Website -->\r\n<div class=\"footer-redbar\"><div class=\"container\">\u00a9 <span id=\"jahr-koeln\"><\/span> DUAL hukuk b\u00fcrosu<\/div><\/div>\r\n\r\n<script>\r\n  document.getElementById('jahr-koeln').textContent=new Date().getFullYear();\r\n<\/script>\r\n\r\n<!-- FAQ Schema (optional, falls erlaubt) -->\r\n<script type=\"application\/ld+json\">\r\n{\r\n \"@context\":\"https:\/\/schema.org\",\r\n \"@type\":\"FAQPage\",\r\n \"mainEntity\":[\r\n   {\"@type\":\"Question\",\"name\":\"Wie l\u00e4uft die Online-Scheidung ab?\",\"acceptedAnswer\":{\"@type\":\"Answer\",\"text\":\"Sie starten online mit dem Formular. Wir pr\u00fcfen die Voraussetzungen, bereiten die Unterlagen vor und reichen den Antrag beim zust\u00e4ndigen Familiengericht ein. Der Gerichtstermin ist bei einvernehmlicher Scheidung meist kurz.\"}},\r\n   {\"@type\":\"Question\",\"name\":\"Welche Kosten entstehen?\",\"acceptedAnswer\":{\"@type\":\"Answer\",\"text\":\"Die Geb\u00fchren richten sich gesetzlich nach dem Verfahrenswert. Wir rechnen transparent ab und erkl\u00e4ren Ihnen die Zusammensetzung vorab.\"}},\r\n   {\"@type\":\"Question\",\"name\":\"Muss ich pers\u00f6nlich in die Kanzlei kommen?\",\"acceptedAnswer\":{\"@type\":\"Answer\",\"text\":\"Nein \u2013 die Kommunikation erfolgt digital per E-Mail\/Telefon\/Video. F\u00fcr die Scheidung gen\u00fcgt in der Regel der Gerichtstermin.\"}}\r\n ]\r\n}\r\n<\/script>\r\n\r\n<!-- Local\/Legal Service Schema (optional) -->\r\n<script type=\"application\/ld+json\">\r\n{\r\n \"@context\":\"https:\/\/schema.org\",\r\n \"@type\":\"LegalService\",\r\n \"name\":\"DUAL Rechtsanwaltskanzlei\",\r\n \"url\":\"https:\/\/dual-ra.de\/online-scheidung\/\",\r\n \"image\":\"https:\/\/dual-ra.de\/wp-content\/uploads\/2022\/08\/Logo_dual_2.png\",\r\n \"logo\":\"https:\/\/dual-ra.de\/wp-content\/uploads\/2022\/08\/Logo_dual_2.png\",\r\n \"areaServed\":[{\"@type\":\"City\",\"name\":\"K\u00f6ln\"},{\"@type\":\"City\",\"name\":\"Leverkusen\"}],\r\n \"email\":\"office@dual-ra.de\",\r\n \"telephone\":\"+49 214 860 86014\",\r\n \"address\":{\"@type\":\"PostalAddress\",\"addressLocality\":\"Leverkusen\",\"addressCountry\":\"DE\"},\r\n \"sameAs\":[\r\n   \"https:\/\/www.facebook.com\/people\/Dual-Rechtsanwaltskanzlei\/100083395276857\/\",\r\n   \"https:\/\/www.linkedin.com\/in\/duygu-altun-turak-4b230b49\/\",\r\n   \"https:\/\/www.instagram.com\/dual_ra\/\"\r\n ]\r\n}\r\n<\/script>\r\n<!-- ===== \/Ende ===== -->\r\n\t\t<\/div>\r\n\t\t\t\t<\/div>\r\n\t\t\t\t\t<\/div>\r\n\t\t<\/div>\r\n\t\t\t\t\t\t\t<\/div>\r\n\t\t<\/section>\r\n\t\t\t\t\t\t\t<\/div>","protected":false},"excerpt":{"rendered":"<p>Scheidungsanwalt \u2022 K\u00f6ln &amp; Region Scheidungsanwalt in K\u00f6ln \u2013 online-Scheidung schnell &amp; unkompliziert Einvernehmliche Scheidung ohne Kanzleibesuch: digital, rechtssicher und transparent. Wir f\u00fchren Ihr Verfahren zum gesetzlich niedrigst m\u00f6glichen Preis \u2013 mit klarer Kommunikation und kurzer Reaktionszeit. Jetzt Online-Scheidung starten Beratungstermin buchen \ud83d\udcde 0214 860 86014 Schneller Kontakt auch per WhatsApp: +49 1590 1989971 Ihre [&hellip;]<\/p>","protected":false},"author":2,"featured_media":0,"parent":0,"menu_order":0,"comment_status":"closed","ping_status":"closed","template":"","meta":[],"yoast_head":"<!-- This site is optimized with the Yoast SEO plugin v19.11 - https:\/\/yoast.com\/wordpress\/plugins\/seo\/ -->\n<title>Online-Scheidung in K\u00f6ln - Altun Turak<\/title>\n<meta name=\"robots\" content=\"index, follow, max-snippet:-1, max-image-preview:large, max-video-preview:-1\" \/>\n<link rel=\"canonical\" href=\"https:\/\/dual-ra.de\/tr\/online-scheidung-in-koeln\/\" \/>\n<meta property=\"og:locale\" content=\"tr_TR\" \/>\n<meta property=\"og:type\" content=\"article\" \/>\n<meta property=\"og:title\" content=\"Online-Scheidung in K\u00f6ln - Altun Turak\" \/>\n<meta property=\"og:description\" content=\"Scheidungsanwalt \u2022 K\u00f6ln &amp; Region Scheidungsanwalt in K\u00f6ln \u2013 online-Scheidung schnell &amp; unkompliziert Einvernehmliche Scheidung ohne Kanzleibesuch: digital, rechtssicher und transparent. Wir f\u00fchren Ihr Verfahren zum gesetzlich niedrigst m\u00f6glichen Preis \u2013 mit klarer Kommunikation und kurzer Reaktionszeit. Jetzt Online-Scheidung starten Beratungstermin buchen \ud83d\udcde 0214 860 86014 Schneller Kontakt auch per WhatsApp: +49 1590 1989971 Ihre [&hellip;]\" \/>\n<meta property=\"og:url\" content=\"https:\/\/dual-ra.de\/tr\/online-scheidung-in-koeln\/\" \/>\n<meta property=\"og:site_name\" content=\"Altun Turak\" \/>\n<meta property=\"article:modified_time\" content=\"2025-09-15T14:30:07+00:00\" \/>\n<meta property=\"og:image\" content=\"https:\/\/dual-ra.de\/wp-content\/uploads\/2025\/09\/nahaufnahme-paar-scheidung-scaled.jpg\" \/>\n<meta name=\"twitter:card\" content=\"summary_large_image\" \/>\n<meta name=\"twitter:label1\" content=\"Tahmini okuma s\u00fcresi\" \/>\n\t<meta name=\"twitter:data1\" content=\"2 dakika\" \/>\n<script type=\"application\/ld+json\" class=\"yoast-schema-graph\">{\"@context\":\"https:\/\/schema.org\",\"@graph\":[{\"@type\":\"WebPage\",\"@id\":\"https:\/\/dual-ra.de\/en\/online-scheidung-in-koeln\/\",\"url\":\"https:\/\/dual-ra.de\/en\/online-scheidung-in-koeln\/\",\"name\":\"Online-Scheidung in K\u00f6ln - Altun Turak\",\"isPartOf\":{\"@id\":\"https:\/\/dual-ra.de\/#website\"},\"datePublished\":\"2025-09-15T13:52:05+00:00\",\"dateModified\":\"2025-09-15T14:30:07+00:00\",\"breadcrumb\":{\"@id\":\"https:\/\/dual-ra.de\/en\/online-scheidung-in-koeln\/#breadcrumb\"},\"inLanguage\":\"tr\",\"potentialAction\":[{\"@type\":\"ReadAction\",\"target\":[\"https:\/\/dual-ra.de\/en\/online-scheidung-in-koeln\/\"]}]},{\"@type\":\"BreadcrumbList\",\"@id\":\"https:\/\/dual-ra.de\/en\/online-scheidung-in-koeln\/#breadcrumb\",\"itemListElement\":[{\"@type\":\"ListItem\",\"position\":1,\"name\":\"Startseite\",\"item\":\"https:\/\/dual-ra.de\/\"},{\"@type\":\"ListItem\",\"position\":2,\"name\":\"Online-Scheidung in K\u00f6ln\"}]},{\"@type\":\"WebSite\",\"@id\":\"https:\/\/dual-ra.de\/#website\",\"url\":\"https:\/\/dual-ra.de\/\",\"name\":\"Altun Turak\",\"description\":\"\",\"potentialAction\":[{\"@type\":\"SearchAction\",\"target\":{\"@type\":\"EntryPoint\",\"urlTemplate\":\"https:\/\/dual-ra.de\/?s={search_term_string}\"},\"query-input\":\"required name=search_term_string\"}],\"inLanguage\":\"tr\"}]}<\/script>\n<!-- \/ Yoast SEO plugin. -->","yoast_head_json":{"title":"Online-Scheidung in K\u00f6ln - Altun Turak","robots":{"index":"index","follow":"follow","max-snippet":"max-snippet:-1","max-image-preview":"max-image-preview:large","max-video-preview":"max-video-preview:-1"},"canonical":"https:\/\/dual-ra.de\/tr\/online-scheidung-in-koeln\/","og_locale":"tr_TR","og_type":"article","og_title":"Online-Scheidung in K\u00f6ln - Altun Turak","og_description":"Scheidungsanwalt \u2022 K\u00f6ln &amp; Region Scheidungsanwalt in K\u00f6ln \u2013 online-Scheidung schnell &amp; unkompliziert Einvernehmliche Scheidung ohne Kanzleibesuch: digital, rechtssicher und transparent. Wir f\u00fchren Ihr Verfahren zum gesetzlich niedrigst m\u00f6glichen Preis \u2013 mit klarer Kommunikation und kurzer Reaktionszeit. Jetzt Online-Scheidung starten Beratungstermin buchen \ud83d\udcde 0214 860 86014 Schneller Kontakt auch per WhatsApp: +49 1590 1989971 Ihre [&hellip;]","og_url":"https:\/\/dual-ra.de\/tr\/online-scheidung-in-koeln\/","og_site_name":"Altun Turak","article_modified_time":"2025-09-15T14:30:07+00:00","og_image":[{"url":"https:\/\/dual-ra.de\/wp-content\/uploads\/2025\/09\/nahaufnahme-paar-scheidung-scaled.jpg"}],"twitter_card":"summary_large_image","twitter_misc":{"Tahmini okuma s\u00fcresi":"2 dakika"},"schema":{"@context":"https:\/\/schema.org","@graph":[{"@type":"WebPage","@id":"https:\/\/dual-ra.de\/en\/online-scheidung-in-koeln\/","url":"https:\/\/dual-ra.de\/en\/online-scheidung-in-koeln\/","name":"Online-Scheidung in K\u00f6ln - Altun Turak","isPartOf":{"@id":"https:\/\/dual-ra.de\/#website"},"datePublished":"2025-09-15T13:52:05+00:00","dateModified":"2025-09-15T14:30:07+00:00","breadcrumb":{"@id":"https:\/\/dual-ra.de\/en\/online-scheidung-in-koeln\/#breadcrumb"},"inLanguage":"tr","potentialAction":[{"@type":"ReadAction","target":["https:\/\/dual-ra.de\/en\/online-scheidung-in-koeln\/"]}]},{"@type":"BreadcrumbList","@id":"https:\/\/dual-ra.de\/en\/online-scheidung-in-koeln\/#breadcrumb","itemListElement":[{"@type":"ListItem","position":1,"name":"Startseite","item":"https:\/\/dual-ra.de\/"},{"@type":"ListItem","position":2,"name":"Online-Scheidung in K\u00f6ln"}]},{"@type":"WebSite","@id":"https:\/\/dual-ra.de\/#website","url":"https:\/\/dual-ra.de\/","name":"Altun Turak","description":"","potentialAction":[{"@type":"SearchAction","target":{"@type":"EntryPoint","urlTemplate":"https:\/\/dual-ra.de\/?s={search_term_string}"},"query-input":"required name=search_term_string"}],"inLanguage":"tr"}]}},"_links":{"self":[{"href":"https:\/\/dual-ra.de\/tr\/wp-json\/wp\/v2\/pages\/4293"}],"collection":[{"href":"https:\/\/dual-ra.de\/tr\/wp-json\/wp\/v2\/pages"}],"about":[{"href":"https:\/\/dual-ra.de\/tr\/wp-json\/wp\/v2\/types\/page"}],"author":[{"embeddable":true,"href":"https:\/\/dual-ra.de\/tr\/wp-json\/wp\/v2\/users\/2"}],"replies":[{"embeddable":true,"href":"https:\/\/dual-ra.de\/tr\/wp-json\/wp\/v2\/comments?post=4293"}],"version-history":[{"count":8,"href":"https:\/\/dual-ra.de\/tr\/wp-json\/wp\/v2\/pages\/4293\/revisions"}],"predecessor-version":[{"id":4310,"href":"https:\/\/dual-ra.de\/tr\/wp-json\/wp\/v2\/pages\/4293\/revisions\/4310"}],"wp:attachment":[{"href":"https:\/\/dual-ra.de\/tr\/wp-json\/wp\/v2\/media?parent=4293"}],"curies":[{"name":"wp","href":"https:\/\/api.w.org\/{rel}","templated":true}]}}