{"id":2125,"date":"2023-01-21T15:39:03","date_gmt":"2023-01-21T15:39:03","guid":{"rendered":"https:\/\/dual-ra.de\/?page_id=2125"},"modified":"2025-09-14T18:20:24","modified_gmt":"2025-09-14T18:20:24","slug":"online-termin-buchung","status":"publish","type":"page","link":"https:\/\/dual-ra.de\/tr\/online-termin-buchung\/","title":{"rendered":"Online randevu rezervasyonu:"},"content":{"rendered":"<div data-elementor-type=\"wp-page\" data-elementor-id=\"2125\" class=\"elementor elementor-2125\">\r\n\t\t\t\t\t\t\t\t\t<section class=\"elementor-section elementor-top-section elementor-element elementor-element-6e5fd62 elementor-section-full_width elementor-section-height-default elementor-section-height-default\" data-id=\"6e5fd62\" data-element_type=\"section\" data-settings=\"{&quot;background_background&quot;:&quot;classic&quot;}\">\r\n\t\t\t\t\t\t<div class=\"elementor-container elementor-column-gap-default\">\r\n\t\t\t\t\t<div class=\"elementor-column elementor-col-100 elementor-top-column elementor-element elementor-element-e0065dc\" data-id=\"e0065dc\" data-element_type=\"column\" data-settings=\"{&quot;background_background&quot;:&quot;classic&quot;}\">\r\n\t\t\t<div class=\"elementor-widget-wrap elementor-element-populated\">\r\n\t\t\t\t\t\t\t\t<div class=\"elementor-element elementor-element-393ec96 elementor-widget elementor-widget-spacer\" data-id=\"393ec96\" data-element_type=\"widget\" data-widget_type=\"spacer.default\">\r\n\t\t\t\t<div class=\"elementor-widget-container\">\r\n\t\t\t<style>\/*! elementor - v3.8.1 - 13-11-2022 *\/\r\n.elementor-column .elementor-spacer-inner{height:var(--spacer-size)}.e-con{--container-widget-width:100%}.e-con-inner>.elementor-widget-spacer,.e-con>.elementor-widget-spacer{width:var(--container-widget-width,var(--spacer-size));-ms-flex-item-align:stretch;align-self:stretch;-ms-flex-negative:0;flex-shrink:0}.e-con-inner>.elementor-widget-spacer>.elementor-widget-container,.e-con-inner>.elementor-widget-spacer>.elementor-widget-container>.elementor-spacer,.e-con>.elementor-widget-spacer>.elementor-widget-container,.e-con>.elementor-widget-spacer>.elementor-widget-container>.elementor-spacer{height:100%}.e-con-inner>.elementor-widget-spacer>.elementor-widget-container>.elementor-spacer>.elementor-spacer-inner,.e-con>.elementor-widget-spacer>.elementor-widget-container>.elementor-spacer>.elementor-spacer-inner{height:var(--container-widget-height,var(--spacer-size))}<\/style>\t\t<div class=\"elementor-spacer\">\r\n\t\t\t<div class=\"elementor-spacer-inner\"><\/div>\r\n\t\t<\/div>\r\n\t\t\t\t<\/div>\r\n\t\t\t\t<\/div>\r\n\t\t\t\t\t<\/div>\r\n\t\t<\/div>\r\n\t\t\t\t\t\t\t<\/div>\r\n\t\t<\/section>\r\n\t\t\t\t<section class=\"elementor-section elementor-top-section elementor-element elementor-element-87d475e elementor-section-boxed elementor-section-height-default elementor-section-height-default\" data-id=\"87d475e\" data-element_type=\"section\" data-settings=\"{&quot;background_background&quot;:&quot;classic&quot;}\">\r\n\t\t\t\t\t\t<div class=\"elementor-container elementor-column-gap-default\">\r\n\t\t\t\t\t<div class=\"elementor-column elementor-col-50 elementor-top-column elementor-element elementor-element-cc87840\" data-id=\"cc87840\" data-element_type=\"column\" data-settings=\"{&quot;background_background&quot;:&quot;classic&quot;}\">\r\n\t\t\t<div class=\"elementor-widget-wrap elementor-element-populated\">\r\n\t\t\t\t\t\t\t\t<div class=\"elementor-element elementor-element-1158aab elementor-widget elementor-widget-heading\" data-id=\"1158aab\" data-element_type=\"widget\" data-widget_type=\"heading.default\">\r\n\t\t\t\t<div class=\"elementor-widget-container\">\r\n\t\t\t<style>\/*! elementor - v3.8.1 - 13-11-2022 *\/\r\n.elementor-heading-title{padding:0;margin:0;line-height:1}.elementor-widget-heading .elementor-heading-title[class*=elementor-size-]>a{color:inherit;font-size:inherit;line-height:inherit}.elementor-widget-heading .elementor-heading-title.elementor-size-small{font-size:15px}.elementor-widget-heading .elementor-heading-title.elementor-size-medium{font-size:19px}.elementor-widget-heading .elementor-heading-title.elementor-size-large{font-size:29px}.elementor-widget-heading .elementor-heading-title.elementor-size-xl{font-size:39px}.elementor-widget-heading .elementor-heading-title.elementor-size-xxl{font-size:59px}<\/style><h1 class=\"elementor-heading-title elementor-size-default\">\u015eimdi \u00e7evrimi\u00e7i <br>Randevu al\u0131n    <\/h1>\t\t<\/div>\r\n\t\t\t\t<\/div>\r\n\t\t\t\t<div class=\"elementor-element elementor-element-ae40436 elementor-widget elementor-widget-text-editor\" data-id=\"ae40436\" data-element_type=\"widget\" data-widget_type=\"text-editor.default\">\r\n\t\t\t\t<div class=\"elementor-widget-container\">\r\n\t\t\t<style>\/*! elementor - v3.8.1 - 13-11-2022 *\/\r\n.elementor-widget-text-editor.elementor-drop-cap-view-stacked .elementor-drop-cap{background-color:#818a91;color:#fff}.elementor-widget-text-editor.elementor-drop-cap-view-framed .elementor-drop-cap{color:#818a91;border:3px solid;background-color:transparent}.elementor-widget-text-editor:not(.elementor-drop-cap-view-default) .elementor-drop-cap{margin-top:8px}.elementor-widget-text-editor:not(.elementor-drop-cap-view-default) .elementor-drop-cap-letter{width:1em;height:1em}.elementor-widget-text-editor .elementor-drop-cap{float:left;text-align:center;line-height:1;font-size:50px}.elementor-widget-text-editor .elementor-drop-cap-letter{display:inline-block}<\/style>\t\t\t\t<p><span style=\"font-size: 17px; color: var( --e-global-color-text );\">Hen\u00fcz bir m\u00fcvekkil de\u011filsiniz ve yasal bir sorunla ilgili ilk dan\u0131\u015fmanl\u0131\u011fa m\u0131 ihtiyac\u0131n\u0131z var? Bir telefon g\u00f6r\u00fc\u015fmesi sizin i\u00e7in yeterli mi?<\/span><\/p><p>Alternatif olarak, bir video toplant\u0131s\u0131 veya \u00f6zel durumlarda ofisimizde yerinde bir randevu ayarlayabilirsiniz.\u00a0<\/p><p>L\u00fctfen belgelerinizi bize \u00f6nceden \u015fu adrese g\u00f6nderin <a href=\"mailto:of****@*****ra.de\" data-original-string=\"zsxV9qdo9n68gpNLPci\/bw==5e3la0SfJIHCQEoNWChj57t0iBOoWFhGcwcbp7OL9y2m5I=\" title=\"Bu ki\u015fi Anti-Spam by CleanTalk taraf\u0131ndan kodlanm\u0131\u015ft\u0131r. \u015eifreyi \u00e7\u00f6zmek i\u00e7in t\u0131klay\u0131n. Kod \u00e7\u00f6zme i\u015flemini tamamlamak i\u00e7in taray\u0131c\u0131n\u0131zda JavaScript&#039;in etkin oldu\u011fundan emin olun.\">E-posta.<\/a><\/p><p>Sizi g\u00f6rmek i\u00e7in sab\u0131rs\u0131zlan\u0131yoruz!<\/p>\t\t\t\t\t\t<\/div>\r\n\t\t\t\t<\/div>\r\n\t\t\t\t<div class=\"elementor-element elementor-element-bc95277 elementor-widget elementor-widget-heading\" data-id=\"bc95277\" data-element_type=\"widget\" data-widget_type=\"heading.default\">\r\n\t\t\t\t<div class=\"elementor-widget-container\">\r\n\t\t\t<h2 class=\"elementor-heading-title elementor-size-default\">Termine f\u00fcr Privatpersonen\/Selbst\u00e4ndige\/Unternehmer <\/h2>\t\t<\/div>\r\n\t\t\t\t<\/div>\r\n\t\t\t\t<section class=\"elementor-section elementor-inner-section elementor-element elementor-element-bdde60b elementor-section-full_width elementor-section-height-default elementor-section-height-default\" data-id=\"bdde60b\" data-element_type=\"section\">\r\n\t\t\t\t\t\t<div class=\"elementor-container elementor-column-gap-default\">\r\n\t\t\t\t\t<div class=\"elementor-column elementor-col-100 elementor-inner-column elementor-element elementor-element-3274883\" data-id=\"3274883\" data-element_type=\"column\">\r\n\t\t\t<div class=\"elementor-widget-wrap elementor-element-populated\">\r\n\t\t\t\t\t\t\t\t<div class=\"elementor-element elementor-element-f432eb6 elementor-tablet-align-center elementor-widget__width-auto elementor-widget-tablet__width-inherit elementor-align-left elementor-widget elementor-widget-button\" data-id=\"f432eb6\" data-element_type=\"widget\" data-widget_type=\"button.default\">\r\n\t\t\t\t<div class=\"elementor-widget-container\">\r\n\t\t\t\t\t<div class=\"elementor-button-wrapper\">\r\n\t\t\t<a href=\"https:\/\/cal.meetergo.com\/dualrechtsanwaltskanzlei\/termin-sichern-erstberatung-strafrecht\" target=\"_blank\" class=\"elementor-button-link elementor-button elementor-size-sm\" role=\"button\">\r\n\t\t\t\t\t\t<span class=\"elementor-button-content-wrapper\">\r\n\t\t\t\t\t\t\t<span class=\"elementor-button-icon elementor-align-icon-right\">\r\n\t\t\t\t<i aria-hidden=\"true\" class=\"icon icon-right-arrow\"><\/i>\t\t\t<\/span>\r\n\t\t\t\t\t\t<span class=\"elementor-button-text\">Ceza hukuku konusunda ilk dan\u0131\u015fmanl\u0131k<\/span>\r\n\t\t<\/span>\r\n\t\t\t\t\t<\/a>\r\n\t\t<\/div>\r\n\t\t\t\t<\/div>\r\n\t\t\t\t<\/div>\r\n\t\t\t\t<div class=\"elementor-element elementor-element-6baf9d5 elementor-tablet-align-center elementor-widget__width-auto elementor-widget-tablet__width-inherit elementor-widget elementor-widget-button\" data-id=\"6baf9d5\" data-element_type=\"widget\" data-widget_type=\"button.default\">\r\n\t\t\t\t<div class=\"elementor-widget-container\">\r\n\t\t\t\t\t<div class=\"elementor-button-wrapper\">\r\n\t\t\t<a href=\"https:\/\/cal.meetergo.com\/dualrechtsanwaltskanzlei\/terminanfrage-einvernehmliche-scheidung\" target=\"_blank\" class=\"elementor-button-link elementor-button elementor-size-sm\" role=\"button\">\r\n\t\t\t\t\t\t<span class=\"elementor-button-content-wrapper\">\r\n\t\t\t\t\t\t\t<span class=\"elementor-button-icon elementor-align-icon-right\">\r\n\t\t\t\t<i aria-hidden=\"true\" class=\"icon icon-right-arrow\"><\/i>\t\t\t<\/span>\r\n\t\t\t\t\t\t<span class=\"elementor-button-text\">Dan\u0131\u015fma dostane \u00e7\u00f6z\u00fcm<\/span>\r\n\t\t<\/span>\r\n\t\t\t\t\t<\/a>\r\n\t\t<\/div>\r\n\t\t\t\t<\/div>\r\n\t\t\t\t<\/div>\r\n\t\t\t\t<div class=\"elementor-element elementor-element-87e3323 elementor-tablet-align-center elementor-widget__width-auto elementor-widget-tablet__width-inherit elementor-widget elementor-widget-button\" data-id=\"87e3323\" data-element_type=\"widget\" data-widget_type=\"button.default\">\r\n\t\t\t\t<div class=\"elementor-widget-container\">\r\n\t\t\t\t\t<div class=\"elementor-button-wrapper\">\r\n\t\t\t<a href=\"https:\/\/cal.meetergo.com\/dualrechtsanwaltskanzlei\/terminanfrage-migrationsrecht\" target=\"_blank\" class=\"elementor-button-link elementor-button elementor-size-sm\" role=\"button\">\r\n\t\t\t\t\t\t<span class=\"elementor-button-content-wrapper\">\r\n\t\t\t\t\t\t\t<span class=\"elementor-button-icon elementor-align-icon-right\">\r\n\t\t\t\t<i aria-hidden=\"true\" class=\"icon icon-right-arrow\"><\/i>\t\t\t<\/span>\r\n\t\t\t\t\t\t<span class=\"elementor-button-text\">Beratung AUsl\u00e4nderrecht<\/span>\r\n\t\t<\/span>\r\n\t\t\t\t\t<\/a>\r\n\t\t<\/div>\r\n\t\t\t\t<\/div>\r\n\t\t\t\t<\/div>\r\n\t\t\t\t<div class=\"elementor-element elementor-element-53850b8 elementor-tablet-align-center elementor-widget__width-auto elementor-widget-tablet__width-inherit elementor-mobile-align-justify elementor-widget elementor-widget-button\" data-id=\"53850b8\" data-element_type=\"widget\" data-widget_type=\"button.default\">\r\n\t\t\t\t<div class=\"elementor-widget-container\">\r\n\t\t\t\t\t<div class=\"elementor-button-wrapper\">\r\n\t\t\t<a href=\"https:\/\/cal.meetergo.com\/dualrechtsanwaltskanzlei\/terminanfrage-arbeitsrecht\" target=\"_blank\" class=\"elementor-button-link elementor-button elementor-size-sm\" role=\"button\">\r\n\t\t\t\t\t\t<span class=\"elementor-button-content-wrapper\">\r\n\t\t\t\t\t\t\t<span class=\"elementor-button-icon elementor-align-icon-right\">\r\n\t\t\t\t<i aria-hidden=\"true\" class=\"icon icon-right-arrow\"><\/i>\t\t\t<\/span>\r\n\t\t\t\t\t\t<span class=\"elementor-button-text\">\u0130\u015f hukukuna ili\u015fkin ilk dan\u0131\u015fmanl\u0131k<\/span>\r\n\t\t<\/span>\r\n\t\t\t\t\t<\/a>\r\n\t\t<\/div>\r\n\t\t\t\t<\/div>\r\n\t\t\t\t<\/div>\r\n\t\t\t\t<div class=\"elementor-element elementor-element-51b9936 elementor-tablet-align-center elementor-widget__width-auto elementor-widget-tablet__width-inherit elementor-mobile-align-justify elementor-widget elementor-widget-button\" data-id=\"51b9936\" data-element_type=\"widget\" data-widget_type=\"button.default\">\r\n\t\t\t\t<div class=\"elementor-widget-container\">\r\n\t\t\t\t\t<div class=\"elementor-button-wrapper\">\r\n\t\t\t<a href=\"https:\/\/cal.meetergo.com\/dualrechtsanwaltskanzlei\/terminanfrage-zur-erstberatung-verbindlich-nach-zahlung-250-euro-zzgl-ust\" target=\"_blank\" class=\"elementor-button-link elementor-button elementor-size-sm\" role=\"button\">\r\n\t\t\t\t\t\t<span class=\"elementor-button-content-wrapper\">\r\n\t\t\t\t\t\t\t<span class=\"elementor-button-icon elementor-align-icon-right\">\r\n\t\t\t\t<i aria-hidden=\"true\" class=\"icon icon-right-arrow\"><\/i>\t\t\t<\/span>\r\n\t\t\t\t\t\t<span class=\"elementor-button-text\">Hukukun di\u011fer alanlar\u0131nda ilk dan\u0131\u015fmanl\u0131k<\/span>\r\n\t\t<\/span>\r\n\t\t\t\t\t<\/a>\r\n\t\t<\/div>\r\n\t\t\t\t<\/div>\r\n\t\t\t\t<\/div>\r\n\t\t\t\t\t<\/div>\r\n\t\t<\/div>\r\n\t\t\t\t\t\t\t<\/div>\r\n\t\t<\/section>\r\n\t\t\t\t\t<\/div>\r\n\t\t<\/div>\r\n\t\t\t\t<div class=\"elementor-column elementor-col-50 elementor-top-column elementor-element elementor-element-f01486c\" data-id=\"f01486c\" data-element_type=\"column\">\r\n\t\t\t<div class=\"elementor-widget-wrap\">\r\n\t\t\t\t\t\t\t\t\t<\/div>\r\n\t\t<\/div>\r\n\t\t\t\t\t\t\t<\/div>\r\n\t\t<\/section>\r\n\t\t\t\t<section class=\"elementor-section elementor-top-section elementor-element elementor-element-906ddfc elementor-section-boxed elementor-section-height-default elementor-section-height-default\" data-id=\"906ddfc\" data-element_type=\"section\" data-settings=\"{&quot;background_background&quot;:&quot;classic&quot;}\">\r\n\t\t\t\t\t\t<div class=\"elementor-container elementor-column-gap-default\">\r\n\t\t\t\t\t<div class=\"elementor-column elementor-col-100 elementor-top-column elementor-element elementor-element-61fb8a8\" data-id=\"61fb8a8\" data-element_type=\"column\" data-settings=\"{&quot;background_background&quot;:&quot;classic&quot;,&quot;motion_fx_motion_fx_scrolling&quot;:&quot;yes&quot;,&quot;motion_fx_devices&quot;:[&quot;desktop&quot;,&quot;tablet&quot;,&quot;mobile&quot;]}\">\r\n\t\t\t<div class=\"elementor-widget-wrap elementor-element-populated\">\r\n\t\t\t\t\t\t\t\t<div class=\"elementor-element elementor-element-3ef52f9 elementor-view-stacked elementor-shape-square elementor-position-top elementor-mobile-position-top elementor-vertical-align-top elementor-widget elementor-widget-icon-box\" data-id=\"3ef52f9\" data-element_type=\"widget\" data-widget_type=\"icon-box.default\">\r\n\t\t\t\t<div class=\"elementor-widget-container\">\r\n\t\t\t<link rel=\"stylesheet\" href=\"https:\/\/dual-ra.de\/wp-content\/plugins\/elementor\/assets\/css\/widget-icon-box.min.css\">\t\t<div class=\"elementor-icon-box-wrapper\">\r\n\t\t\t\t\t\t<div class=\"elementor-icon-box-icon\">\r\n\t\t\t\t<span class=\"elementor-icon elementor-animation-\" >\r\n\t\t\t\t<i aria-hidden=\"true\" class=\"icon icon-calendar-full\"><\/i>\t\t\t\t<\/span>\r\n\t\t\t<\/div>\r\n\t\t\t\t\t\t<div class=\"elementor-icon-box-content\">\r\n\t\t\t\t<h2 class=\"elementor-icon-box-title\">\r\n\t\t\t\t\t<span  >\r\n\t\t\t\t\t\tRandevu rezervasyonu\t\t\t\t\t<\/span>\r\n\t\t\t\t<\/h2>\r\n\t\t\t\t\t\t\t<\/div>\r\n\t\t<\/div>\r\n\t\t\t\t<\/div>\r\n\t\t\t\t<\/div>\r\n\t\t\t\t<div class=\"elementor-element elementor-element-28921c0 elementor-widget elementor-widget-text-editor\" data-id=\"28921c0\" data-element_type=\"widget\" data-widget_type=\"text-editor.default\">\r\n\t\t\t\t<div class=\"elementor-widget-container\">\r\n\t\t\t\t\t\t\t<p>Hukuki meselenizin hukuki bir de\u011ferlendirmesini ve bundan sonra ne yapman\u0131z gerekti\u011fine dair bir \u00f6neri alacaks\u0131n\u0131z. T\u00fcketici olarak ilk dan\u0131\u015fmanl\u0131k 190,- EUR art\u0131 19% KDV'ye mal olur.<\/p><p>Bizimle, ilk yasal dan\u0131\u015fmanl\u0131\u011f\u0131n\u0131z i\u00e7in do\u011frudan \u00e7evrimi\u00e7i olarak, ofisimizde yerinde, telefonda veya video dan\u0131\u015fmanl\u0131\u011f\u0131 yoluyla randevu alabilirsiniz, elbette bunlar\u0131n t\u00fcm\u00fc DSGVO uyumludur. Sizin i\u00e7in buraday\u0131z ve sizinle tan\u0131\u015fmak i\u00e7in sab\u0131rs\u0131zlan\u0131yoruz!<\/p><p style=\"text-align: left;\">1. Avukat Altun-Turak ile ki\u015fisel dan\u0131\u015fmanl\u0131k randevunuzu al\u0131n.\u00a0<br \/>2. Di\u011fer belgelerle birlikte derhal bir rezervasyon onay\u0131 alacaks\u0131n\u0131z.<br \/><span style=\"font-size: 17px; color: var( --e-global-color-text );\">3. Size g\u00f6nderilen imzal\u0131 belgeleri bize e-posta ile geri g\u00f6nderin <a href=\"mailto:of****@*****ra.de\" data-original-string=\"WM0p11xsdG7iUGENntTDIg==5e3Lre9R18ylNjd9ncWkO70Aoc2xHOWi6nuDNkoyrbwfJA=\" title=\"Bu ki\u015fi Anti-Spam by CleanTalk taraf\u0131ndan kodlanm\u0131\u015ft\u0131r. \u015eifreyi \u00e7\u00f6zmek i\u00e7in t\u0131klay\u0131n. Kod \u00e7\u00f6zme i\u015flemini tamamlamak i\u00e7in taray\u0131c\u0131n\u0131zda JavaScript&#039;in etkin oldu\u011fundan emin olun.\"><span \r\n                data-original-string='WdXC2IZw6JXlMPhwcncE4Q==5e3JEdOT15f7ZG7ouqJW+tiFOi1ahMfx3\/xXqtfvE1YMNI='\r\n                class='apbct-email-encoder'\r\n                title='Bu ki\u015fi Anti-Spam by CleanTalk taraf\u0131ndan kodlanm\u0131\u015ft\u0131r. \u015eifreyi \u00e7\u00f6zmek i\u00e7in t\u0131klay\u0131n. Kod \u00e7\u00f6zme i\u015flemini tamamlamak i\u00e7in taray\u0131c\u0131n\u0131zda JavaScript&#039;in etkin oldu\u011fundan emin olun.'>.<span class=\"apbct-blur\">****<\/span>@<span class=\"apbct-blur\">*****<\/span>ra.de<\/span><\/a><br \/>Hemen e-posta ile bir rezervasyon onay\u0131 alacaks\u0131n\u0131z. <br \/>Avukat tercih etti\u011finiz saatte sizinle ileti\u015fime ge\u00e7ecektir.<\/span><\/p><p>NOT: Online rezervasyon tek ba\u015f\u0131na bir yetki te\u015fkil etmez. Son teslim tarihlerinin izlenmesi de s\u00f6z konusu de\u011fildir. Bu tamamen kullan\u0131c\u0131n\u0131n sorumlulu\u011fundad\u0131r.<\/p>\t\t\t\t\t\t<\/div>\r\n\t\t\t\t<\/div>\r\n\t\t\t\t\t<\/div>\r\n\t\t<\/div>\r\n\t\t\t\t\t\t\t<\/div>\r\n\t\t<\/section>\r\n\t\t\t\t\t\t\t<\/div>","protected":false},"excerpt":{"rendered":"<p>Jetzt online einen Termin buchen Sie sind noch nicht Mandant und ben\u00f6tigen eine Erstberatung zu einem rechtlichen Problem? Ein Anruf reicht Ihnen? Alternativ k\u00f6nnen Sie auch eine Videobesprechung oder in besonderen F\u00e4llen einen Termin vor Ort in unserer Kanzlei vereinbaren.\u00a0 Unterlagen senden Sie uns bitte gerne vorab per E-Mail. Wir freue uns auf Sie! Termine [&hellip;]<\/p>","protected":false},"author":2,"featured_media":0,"parent":0,"menu_order":0,"comment_status":"closed","ping_status":"closed","template":"elementor_header_footer","meta":[],"yoast_head":"<!-- This site is optimized with the Yoast SEO plugin v19.11 - https:\/\/yoast.com\/wordpress\/plugins\/seo\/ -->\n<title>Online Termin Buchung: - Altun Turak<\/title>\n<meta name=\"description\" content=\"Buchen Sie Ihren Termin mit der \u00fcber\u00f6rtlichen DUAL Rechtsanwaltskanzlei ganz einfach online mit Hilfe unserer Online-Terminbuchung.\" \/>\n<meta name=\"robots\" content=\"index, follow, max-snippet:-1, max-image-preview:large, max-video-preview:-1\" \/>\n<link rel=\"canonical\" href=\"https:\/\/dual-ra.de\/tr\/online-termin-buchung\/\" \/>\n<meta property=\"og:locale\" content=\"tr_TR\" \/>\n<meta property=\"og:type\" content=\"article\" \/>\n<meta property=\"og:title\" content=\"Online Termin Buchung: - Altun Turak\" \/>\n<meta property=\"og:description\" content=\"Buchen Sie Ihren Termin mit der \u00fcber\u00f6rtlichen DUAL Rechtsanwaltskanzlei ganz einfach online mit Hilfe unserer Online-Terminbuchung.\" \/>\n<meta property=\"og:url\" content=\"https:\/\/dual-ra.de\/tr\/online-termin-buchung\/\" \/>\n<meta property=\"og:site_name\" content=\"Altun Turak\" \/>\n<meta property=\"article:modified_time\" content=\"2025-09-14T18:20:24+00:00\" \/>\n<meta name=\"twitter:card\" content=\"summary_large_image\" \/>\n<meta name=\"twitter:label1\" content=\"Tahmini okuma s\u00fcresi\" \/>\n\t<meta name=\"twitter:data1\" content=\"2 dakika\" \/>\n<script type=\"application\/ld+json\" class=\"yoast-schema-graph\">{\"@context\":\"https:\/\/schema.org\",\"@graph\":[{\"@type\":\"WebPage\",\"@id\":\"https:\/\/dual-ra.de\/online-termin-buchung\/\",\"url\":\"https:\/\/dual-ra.de\/online-termin-buchung\/\",\"name\":\"Online Termin Buchung: - Altun Turak\",\"isPartOf\":{\"@id\":\"https:\/\/dual-ra.de\/#website\"},\"datePublished\":\"2023-01-21T15:39:03+00:00\",\"dateModified\":\"2025-09-14T18:20:24+00:00\",\"description\":\"Buchen Sie Ihren Termin mit der \u00fcber\u00f6rtlichen DUAL Rechtsanwaltskanzlei ganz einfach online mit Hilfe unserer Online-Terminbuchung.\",\"breadcrumb\":{\"@id\":\"https:\/\/dual-ra.de\/online-termin-buchung\/#breadcrumb\"},\"inLanguage\":\"tr\",\"potentialAction\":[{\"@type\":\"ReadAction\",\"target\":[\"https:\/\/dual-ra.de\/online-termin-buchung\/\"]}]},{\"@type\":\"BreadcrumbList\",\"@id\":\"https:\/\/dual-ra.de\/online-termin-buchung\/#breadcrumb\",\"itemListElement\":[{\"@type\":\"ListItem\",\"position\":1,\"name\":\"Startseite\",\"item\":\"https:\/\/dual-ra.de\/\"},{\"@type\":\"ListItem\",\"position\":2,\"name\":\"Online Termin Buchung:\"}]},{\"@type\":\"WebSite\",\"@id\":\"https:\/\/dual-ra.de\/#website\",\"url\":\"https:\/\/dual-ra.de\/\",\"name\":\"Altun Turak\",\"description\":\"\",\"potentialAction\":[{\"@type\":\"SearchAction\",\"target\":{\"@type\":\"EntryPoint\",\"urlTemplate\":\"https:\/\/dual-ra.de\/?s={search_term_string}\"},\"query-input\":\"required name=search_term_string\"}],\"inLanguage\":\"tr\"}]}<\/script>\n<!-- \/ Yoast SEO plugin. -->","yoast_head_json":{"title":"Online Termin Buchung: - Altun Turak","description":"Buchen Sie Ihren Termin mit der \u00fcber\u00f6rtlichen DUAL Rechtsanwaltskanzlei ganz einfach online mit Hilfe unserer Online-Terminbuchung.","robots":{"index":"index","follow":"follow","max-snippet":"max-snippet:-1","max-image-preview":"max-image-preview:large","max-video-preview":"max-video-preview:-1"},"canonical":"https:\/\/dual-ra.de\/tr\/online-termin-buchung\/","og_locale":"tr_TR","og_type":"article","og_title":"Online Termin Buchung: - Altun Turak","og_description":"Buchen Sie Ihren Termin mit der \u00fcber\u00f6rtlichen DUAL Rechtsanwaltskanzlei ganz einfach online mit Hilfe unserer Online-Terminbuchung.","og_url":"https:\/\/dual-ra.de\/tr\/online-termin-buchung\/","og_site_name":"Altun Turak","article_modified_time":"2025-09-14T18:20:24+00:00","twitter_card":"summary_large_image","twitter_misc":{"Tahmini okuma s\u00fcresi":"2 dakika"},"schema":{"@context":"https:\/\/schema.org","@graph":[{"@type":"WebPage","@id":"https:\/\/dual-ra.de\/online-termin-buchung\/","url":"https:\/\/dual-ra.de\/online-termin-buchung\/","name":"Online Termin Buchung: - Altun Turak","isPartOf":{"@id":"https:\/\/dual-ra.de\/#website"},"datePublished":"2023-01-21T15:39:03+00:00","dateModified":"2025-09-14T18:20:24+00:00","description":"Buchen Sie Ihren Termin mit der \u00fcber\u00f6rtlichen DUAL Rechtsanwaltskanzlei ganz einfach online mit Hilfe unserer Online-Terminbuchung.","breadcrumb":{"@id":"https:\/\/dual-ra.de\/online-termin-buchung\/#breadcrumb"},"inLanguage":"tr","potentialAction":[{"@type":"ReadAction","target":["https:\/\/dual-ra.de\/online-termin-buchung\/"]}]},{"@type":"BreadcrumbList","@id":"https:\/\/dual-ra.de\/online-termin-buchung\/#breadcrumb","itemListElement":[{"@type":"ListItem","position":1,"name":"Startseite","item":"https:\/\/dual-ra.de\/"},{"@type":"ListItem","position":2,"name":"Online Termin Buchung:"}]},{"@type":"WebSite","@id":"https:\/\/dual-ra.de\/#website","url":"https:\/\/dual-ra.de\/","name":"Altun Turak","description":"","potentialAction":[{"@type":"SearchAction","target":{"@type":"EntryPoint","urlTemplate":"https:\/\/dual-ra.de\/?s={search_term_string}"},"query-input":"required name=search_term_string"}],"inLanguage":"tr"}]}},"_links":{"self":[{"href":"https:\/\/dual-ra.de\/tr\/wp-json\/wp\/v2\/pages\/2125"}],"collection":[{"href":"https:\/\/dual-ra.de\/tr\/wp-json\/wp\/v2\/pages"}],"about":[{"href":"https:\/\/dual-ra.de\/tr\/wp-json\/wp\/v2\/types\/page"}],"author":[{"embeddable":true,"href":"https:\/\/dual-ra.de\/tr\/wp-json\/wp\/v2\/users\/2"}],"replies":[{"embeddable":true,"href":"https:\/\/dual-ra.de\/tr\/wp-json\/wp\/v2\/comments?post=2125"}],"version-history":[{"count":289,"href":"https:\/\/dual-ra.de\/tr\/wp-json\/wp\/v2\/pages\/2125\/revisions"}],"predecessor-version":[{"id":4183,"href":"https:\/\/dual-ra.de\/tr\/wp-json\/wp\/v2\/pages\/2125\/revisions\/4183"}],"wp:attachment":[{"href":"https:\/\/dual-ra.de\/tr\/wp-json\/wp\/v2\/media?parent=2125"}],"curies":[{"name":"wp","href":"https:\/\/api.w.org\/{rel}","templated":true}]}}