{"id":1903,"date":"2023-01-09T13:52:28","date_gmt":"2023-01-09T13:52:28","guid":{"rendered":"https:\/\/dual-ra.de\/?page_id=1903"},"modified":"2023-03-08T09:53:54","modified_gmt":"2023-03-08T09:53:54","slug":"widerruf","status":"publish","type":"page","link":"https:\/\/dual-ra.de\/tr\/widerruf\/","title":{"rendered":"\u0130ptal"},"content":{"rendered":"<div data-elementor-type=\"wp-page\" data-elementor-id=\"1903\" class=\"elementor elementor-1903\">\r\n\t\t\t\t\t\t\t\t\t<section class=\"elementor-section elementor-top-section elementor-element elementor-element-944c6f5 elementor-section-full_width elementor-section-height-default elementor-section-height-default\" data-id=\"944c6f5\" data-element_type=\"section\" data-settings=\"{&quot;background_background&quot;:&quot;classic&quot;}\">\r\n\t\t\t\t\t\t<div class=\"elementor-container elementor-column-gap-default\">\r\n\t\t\t\t\t<div class=\"elementor-column elementor-col-100 elementor-top-column elementor-element elementor-element-037eaf6\" data-id=\"037eaf6\" data-element_type=\"column\" data-settings=\"{&quot;background_background&quot;:&quot;classic&quot;}\">\r\n\t\t\t<div class=\"elementor-widget-wrap elementor-element-populated\">\r\n\t\t\t\t\t\t\t\t<div class=\"elementor-element elementor-element-139a590 elementor-widget elementor-widget-spacer\" data-id=\"139a590\" data-element_type=\"widget\" data-widget_type=\"spacer.default\">\r\n\t\t\t\t<div class=\"elementor-widget-container\">\r\n\t\t\t<style>\/*! elementor - v3.8.1 - 13-11-2022 *\/\r\n.elementor-column .elementor-spacer-inner{height:var(--spacer-size)}.e-con{--container-widget-width:100%}.e-con-inner>.elementor-widget-spacer,.e-con>.elementor-widget-spacer{width:var(--container-widget-width,var(--spacer-size));-ms-flex-item-align:stretch;align-self:stretch;-ms-flex-negative:0;flex-shrink:0}.e-con-inner>.elementor-widget-spacer>.elementor-widget-container,.e-con-inner>.elementor-widget-spacer>.elementor-widget-container>.elementor-spacer,.e-con>.elementor-widget-spacer>.elementor-widget-container,.e-con>.elementor-widget-spacer>.elementor-widget-container>.elementor-spacer{height:100%}.e-con-inner>.elementor-widget-spacer>.elementor-widget-container>.elementor-spacer>.elementor-spacer-inner,.e-con>.elementor-widget-spacer>.elementor-widget-container>.elementor-spacer>.elementor-spacer-inner{height:var(--container-widget-height,var(--spacer-size))}<\/style>\t\t<div class=\"elementor-spacer\">\r\n\t\t\t<div class=\"elementor-spacer-inner\"><\/div>\r\n\t\t<\/div>\r\n\t\t\t\t<\/div>\r\n\t\t\t\t<\/div>\r\n\t\t\t\t\t<\/div>\r\n\t\t<\/div>\r\n\t\t\t\t\t\t\t<\/div>\r\n\t\t<\/section>\r\n\t\t\t\t<section class=\"elementor-section elementor-top-section elementor-element elementor-element-097ce11 elementor-section-boxed elementor-section-height-default elementor-section-height-default\" data-id=\"097ce11\" data-element_type=\"section\">\r\n\t\t\t\t\t\t<div class=\"elementor-container elementor-column-gap-default\">\r\n\t\t\t\t\t<div class=\"elementor-column elementor-col-50 elementor-top-column elementor-element elementor-element-8006843\" data-id=\"8006843\" data-element_type=\"column\" data-settings=\"{&quot;background_background&quot;:&quot;classic&quot;}\">\r\n\t\t\t<div class=\"elementor-widget-wrap elementor-element-populated\">\r\n\t\t\t\t\t\t\t\t<div class=\"elementor-element elementor-element-60c00fd elementor-widget elementor-widget-heading\" data-id=\"60c00fd\" data-element_type=\"widget\" data-widget_type=\"heading.default\">\r\n\t\t\t\t<div class=\"elementor-widget-container\">\r\n\t\t\t<style>\/*! elementor - v3.8.1 - 13-11-2022 *\/\r\n.elementor-heading-title{padding:0;margin:0;line-height:1}.elementor-widget-heading .elementor-heading-title[class*=elementor-size-]>a{color:inherit;font-size:inherit;line-height:inherit}.elementor-widget-heading .elementor-heading-title.elementor-size-small{font-size:15px}.elementor-widget-heading .elementor-heading-title.elementor-size-medium{font-size:19px}.elementor-widget-heading .elementor-heading-title.elementor-size-large{font-size:29px}.elementor-widget-heading .elementor-heading-title.elementor-size-xl{font-size:39px}.elementor-widget-heading .elementor-heading-title.elementor-size-xxl{font-size:59px}<\/style><h1 class=\"elementor-heading-title elementor-size-default\">\u0130ptal politikas\u0131 <br> mesafeli sat\u0131\u015ftan sonra\n<\/h1>\t\t<\/div>\r\n\t\t\t\t<\/div>\r\n\t\t\t\t\t<\/div>\r\n\t\t<\/div>\r\n\t\t\t\t<div class=\"elementor-column elementor-col-50 elementor-top-column elementor-element elementor-element-f0fd7a2\" data-id=\"f0fd7a2\" data-element_type=\"column\">\r\n\t\t\t<div class=\"elementor-widget-wrap\">\r\n\t\t\t\t\t\t\t\t\t<\/div>\r\n\t\t<\/div>\r\n\t\t\t\t\t\t\t<\/div>\r\n\t\t<\/section>\r\n\t\t\t\t<section class=\"elementor-section elementor-top-section elementor-element elementor-element-4238416 elementor-section-boxed elementor-section-height-default elementor-section-height-default\" data-id=\"4238416\" data-element_type=\"section\">\r\n\t\t\t\t\t\t<div class=\"elementor-container elementor-column-gap-default\">\r\n\t\t\t\t\t<div class=\"elementor-column elementor-col-100 elementor-top-column elementor-element elementor-element-54f59c2\" data-id=\"54f59c2\" data-element_type=\"column\">\r\n\t\t\t<div class=\"elementor-widget-wrap elementor-element-populated\">\r\n\t\t\t\t\t\t\t\t<div class=\"elementor-element elementor-element-b7b227d elementor-widget elementor-widget-text-editor\" data-id=\"b7b227d\" data-element_type=\"widget\" data-widget_type=\"text-editor.default\">\r\n\t\t\t\t<div class=\"elementor-widget-container\">\r\n\t\t\t<style>\/*! elementor - v3.8.1 - 13-11-2022 *\/\r\n.elementor-widget-text-editor.elementor-drop-cap-view-stacked .elementor-drop-cap{background-color:#818a91;color:#fff}.elementor-widget-text-editor.elementor-drop-cap-view-framed .elementor-drop-cap{color:#818a91;border:3px solid;background-color:transparent}.elementor-widget-text-editor:not(.elementor-drop-cap-view-default) .elementor-drop-cap{margin-top:8px}.elementor-widget-text-editor:not(.elementor-drop-cap-view-default) .elementor-drop-cap-letter{width:1em;height:1em}.elementor-widget-text-editor .elementor-drop-cap{float:left;text-align:center;line-height:1;font-size:50px}.elementor-widget-text-editor .elementor-drop-cap-letter{display:inline-block}<\/style>\t\t\t\t<p style=\"text-align: left;\">Vekaletin bir t\u00fcketiciyle, yani vekalet ili\u015fkisini a\u011f\u0131rl\u0131kl\u0131 olarak ne ticari ne de serbest meslek faaliyetine atfedilebilecek ama\u00e7lar i\u00e7in kuran bir ger\u00e7ek ki\u015fiyle akdedildi\u011fi \u00f6l\u00e7\u00fcde, i\u015f yerinden uzakta akdedilen bir s\u00f6zle\u015fme, yani bir s\u00f6zle\u015fme varsa, mesafeli sat\u0131\u015f kurallar\u0131 kapsam\u0131na giren bir hizmet mevcuttur,<\/p>\n<p>1. T\u00fcketici ve tacirin, tacirin i\u015fyeri olmayan bir yerde e\u015f zamanl\u0131 fiziksel mevcudiyeti ile sonu\u00e7lanan veya<br>2. T\u00fcketicinin 1. maddede belirtilen ko\u015fullarda bir teklifte bulundu\u011fu veya<br>3. Tacirin i\u015f yerinde veya uzaktan ileti\u015fim yoluyla akdedilen ve t\u00fcketicinin<br>ancak hemen \u00f6ncesinde tacirin i\u015f yerinin d\u0131\u015f\u0131nda, t\u00fcketicinin ve tacirin e\u015f zamanl\u0131 fiziksel mevcudiyeti ile \u015fahsen ve bireysel olarak muhatap al\u0131nmas\u0131 veya<br>4. t\u00fcketiciye mal sat\u0131\u015f\u0131n\u0131 veya hizmet sunumunu te\u015fvik etmek ve onunla bu y\u00f6nde s\u00f6zle\u015fmeler akdetmek amac\u0131yla t\u00fcccar (veya onun ad\u0131na hareket eden ki\u015filer) taraf\u0131ndan veya onun yard\u0131m\u0131yla d\u00fczenlenen bir gezide akdedilen; veya<br>5. mesafeli s\u00f6zle\u015fme, yani tacir veya onun ad\u0131na veya hesab\u0131na hareket eden bir ki\u015fi ile t\u00fcketicinin s\u00f6zle\u015fme m\u00fczakereleri ve s\u00f6zle\u015fmenin akdedilmesi i\u00e7in m\u00fcnhas\u0131ran uzaktan ileti\u015fim ara\u00e7lar\u0131n\u0131 (yani s\u00f6zle\u015fmenin taraflar\u0131 ayn\u0131 anda fiziksel olarak haz\u0131r bulunmadan bir s\u00f6zle\u015fmenin ba\u015flat\u0131lmas\u0131 veya akdedilmesi i\u00e7in kullan\u0131labilecek mektup, telefon g\u00f6r\u00fc\u015fmesi, faks, e-posta gibi t\u00fcm ileti\u015fim ara\u00e7lar\u0131n\u0131) kulland\u0131klar\u0131 bir s\u00f6zle\u015fme.T\u00fcketicinin m\u00fcnhas\u0131ran uzaktan ileti\u015fim ara\u00e7lar\u0131n\u0131 (yani, s\u00f6zle\u015fmenin taraflar\u0131 ayn\u0131 anda fiziksel olarak mevcut olmadan s\u00f6zle\u015fmenin ba\u015flat\u0131lmas\u0131 veya sonu\u00e7land\u0131r\u0131lmas\u0131 i\u00e7in kullan\u0131labilecek t\u00fcm ileti\u015fim ara\u00e7lar\u0131, \u00f6rne\u011fin mektuplar, telefon g\u00f6r\u00fc\u015fmeleri, telekopiler, e-postalar) kullanmas\u0131 durumunda, s\u00f6zle\u015fmenin imzalanmas\u0131 uzaktan sat\u0131\u015f i\u00e7in organize edilmi\u015f bir da\u011f\u0131t\u0131m veya hizmet sistemi \u00e7er\u00e7evesinde ger\u00e7ekle\u015fmedi\u011fi s\u00fcrece, t\u00fcketici, avukatlarla yap\u0131lan s\u00f6zle\u015fmelerde de yasal bir cayma hakk\u0131na sahip olacakt\u0131r.<\/p>\n<p><span style=\"text-decoration: underline;\"><strong>\u0130ptal politikas\u0131<\/strong><\/span><\/p>\n<p>Buna hakk\u0131n var, <strong>14 g\u00fcn i\u00e7inde<\/strong> sebep g\u00f6stermeksizin bu s\u00f6zle\u015fmeyi iptal etme hakk\u0131na sahiptir. Cayma s\u00fcresi, s\u00f6zle\u015fmenin imzaland\u0131\u011f\u0131 g\u00fcnden itibaren 14 g\u00fcnd\u00fcr. Cayma hakk\u0131n\u0131z\u0131 kullanmak i\u00e7in bize \u015funlar\u0131 g\u00f6ndermelisiniz <strong>DUAL Rechtsanwaltskanzlei, Rechtsanw\u00e4ltin Duygu Altun-Turak, Schulstr.48, 51373 Leverkusen, Fax: 03212\/1480493 email: <span \r\n                data-original-string='\/h0DNtgaw7eINo80D2vSmQ==5e3lSIQm4\/Ayq9AcwZ1BTTyIZ2orZS14IsuDBISMKoYD6s='\r\n                class='apbct-email-encoder'\r\n                title='Bu ki\u015fi Anti-Spam by CleanTalk taraf\u0131ndan kodlanm\u0131\u015ft\u0131r. \u015eifreyi \u00e7\u00f6zmek i\u00e7in t\u0131klay\u0131n. Kod \u00e7\u00f6zme i\u015flemini tamamlamak i\u00e7in taray\u0131c\u0131n\u0131zda JavaScript&#039;in etkin oldu\u011fundan emin olun.'>.<span class=\"apbct-blur\">****<\/span>@<span class=\"apbct-blur\">*****<\/span>ra.de<\/span><\/strong>S\u00f6zle\u015fmeden cayma karar\u0131n\u0131z\u0131 a\u00e7\u0131k bir beyanla, \u00f6rne\u011fin posta yoluyla g\u00f6nderilen bir mektup, faks veya e-posta yoluyla bize bildirebilirsiniz. \u0130ptal s\u00fcresine uymak i\u00e7in, iptal hakk\u0131n\u0131n kullan\u0131lmas\u0131na ili\u015fkin bu bildirimi iptal s\u00fcresinin bitiminden \u00f6nce g\u00f6ndermeniz yeterlidir.<br>G\u00f6nder<\/p>\n<p><span style=\"text-decoration: underline;\"><strong>\u0130ptalin sonu\u00e7lar\u0131 <\/strong><\/span><\/p>\n<p>Bu s\u00f6zle\u015fmeyi iptal ederseniz, derhal ve en ge\u00e7 14 g\u00fcn i\u00e7inde<br>\u0130ptal bildiriminizin hukuk b\u00fcromuza ula\u015ft\u0131\u011f\u0131 g\u00fcn.<br>Geri \u00f6deme i\u00e7in, a\u015fa\u011f\u0131daki durumlar haricinde, orijinal i\u015flem i\u00e7in kulland\u0131\u011f\u0131n\u0131z ayn\u0131 \u00f6deme y\u00f6ntemini kullan\u0131r\u0131z<br>Aksini a\u00e7\u0131k\u00e7a kabul ettiniz. Hi\u00e7bir ko\u015ful alt\u0131nda bu geri \u00f6deme i\u00e7in sizden \u00fccret talep edilmeyecektir.<br>hesaplanm\u0131\u015ft\u0131r. S\u00fcre\u00e7 boyunca tavsiye veya temsil sa\u011flanmas\u0131n\u0131 talep ettiyseniz<br>d\u00f6neminde, halihaz\u0131rda sunulan hizmetler i\u00e7in bize, sunulan hizmetlerin de\u011ferine kar\u015f\u0131l\u0131k gelen bir tutar \u00f6demeniz gerekir.<br>Bu s\u00f6zle\u015fme ile ilgili olarak cayma hakk\u0131n\u0131z\u0131 kulland\u0131\u011f\u0131n\u0131z\u0131 bize bildirdi\u011finiz zaman,<br>verilen hizmetler.<\/p>\n<p><span style=\"text-decoration: underline;\"><strong>Cayma hakk\u0131n\u0131n sona ermesine at\u0131fta bulunulmas\u0131<\/strong><\/span><\/p>\n<p>Alman Medeni Kanunu (BGB) Madde 356 (4) uyar\u0131nca, hizmet sunumuna ili\u015fkin bir s\u00f6zle\u015fme s\u00f6z konusu oldu\u011funda cayma hakk\u0131, giri\u015fimcinin hizmeti tam olarak sunmas\u0131 ve hizmetin ifas\u0131na devam etmesi durumunda da sona erer.<br>hizmet ancak t\u00fcketicinin kendi r\u0131zas\u0131n\u0131 vermesinden sonra ba\u015flam\u0131\u015ft\u0131r.<br>a\u00e7\u0131k r\u0131zas\u0131n\u0131 ve ayn\u0131 zamanda bilgisini vermi\u015ftir.<br>durumunda geri \u00e7ekilme hakk\u0131n\u0131 teyit etti\u011fini<br>giri\u015fimci taraf\u0131ndan s\u00f6zle\u015fme performans\u0131.<\/p>\n<p>\u0130ptal politikas\u0131n\u0131 not ald\u0131m:<\/p>\n<p>__________________________________________________________<br>Yer, tarih \u0130mza\/m\u00fc\u015fteri<\/p>\n<p><b>R\u0131za beyan\u0131<\/b><\/p>\n<p><b><br><\/b>DUAL Hukuk B\u00fcrosu, Avukat Duygu Altun-Turak taraf\u0131ndan veya daha \u00f6nce<br>cayma s\u00fcresinin sonu, taahh\u00fct edilen hizmetin yerine getirilmesiyle ba\u015flar. S\u00f6zle\u015fmenin tamamen yerine getirilmesiyle cayma hakk\u0131m\u0131 kaybetti\u011fimin fark\u0131nday\u0131m.<br>__________________________________________________________<br>Yer, tarih \u0130mza\/m\u00fc\u015fteri<\/p>\n<p><b>\u0130ptal formu<\/b><\/p>\n<p>S\u00f6zle\u015fmeyi iptal etmek istiyorsan\u0131z, l\u00fctfen bu formu doldurun.<br>formunu doldurup geri g\u00f6nderin.<\/p>\n<p>Kime?<br>DUAL Rechtsanwaltskanzlei, Rechtsanw\u00e4ltin Duygu Altun-Turak, Schulstr. 48, 51373 Leverkusen (fax:03212\/1480493 oder E-Mail: <span \r\n                data-original-string='MAUdEolAfdK7vbU46MIe+Q==5e36zPks7mjup811iavUqqK+2GjAp7sCBUzjTmaH8Wp\/pI='\r\n                class='apbct-email-encoder'\r\n                title='Bu ki\u015fi Anti-Spam by CleanTalk taraf\u0131ndan kodlanm\u0131\u015ft\u0131r. \u015eifreyi \u00e7\u00f6zmek i\u00e7in t\u0131klay\u0131n. Kod \u00e7\u00f6zme i\u015flemini tamamlamak i\u00e7in taray\u0131c\u0131n\u0131zda JavaScript&#039;in etkin oldu\u011fundan emin olun.'>.<span class=\"apbct-blur\">****<\/span>@<span class=\"apbct-blur\">*****<\/span>ra.de<\/span>)<br>\u0130\u015fbu belge ile iptal ediyorum\/ediyoruz<br>_____________________________________________________________<br>~ (isim, adres) benim\/bizim\/bizim taraf\u0131m\u0131zdan akdedilen vekalet s\u00f6zle\u015fmesi<br>a\u015fa\u011f\u0131daki hizmetin sa\u011flanmas\u0131 \u00fczerine:<br>_____________________________________________________________<br>(Hizmet t\u00fcr\u00fc\/dosya numaras\u0131)<br>Sipari\u015f tarihi: ___________________ (tarih)<br>Arac\u0131l\u0131\u011f\u0131yla:<br>____________________________________________________________<br>(T\u00fcketicinin ad\u0131 ve adresi)<\/p>\n<p>___________ ________________________________________<br><span style=\"font-family: Jost, sans-serif; font-size: 17px; font-style: normal; font-variant-ligatures: normal; font-variant-caps: normal; font-weight: 400;\">(tarih)&nbsp; &nbsp; &nbsp; &nbsp; &nbsp; &nbsp; &nbsp; &nbsp; &nbsp; &nbsp; &nbsp; &nbsp;&nbsp;<\/span>\u0130mza M\u00fc\u015fteri \/ M\u00fc\u015fteri<br>(sadece yaz\u0131l\u0131 iptal ile)<\/p>\t\t\t\t\t\t<\/div>\r\n\t\t\t\t<\/div>\r\n\t\t\t\t<div class=\"elementor-element elementor-element-2fe9302 elementor-widget elementor-widget-button\" data-id=\"2fe9302\" data-element_type=\"widget\" data-widget_type=\"button.default\">\r\n\t\t\t\t<div class=\"elementor-widget-container\">\r\n\t\t\t\t\t<div class=\"elementor-button-wrapper\">\r\n\t\t\t<a href=\"https:\/\/dual-ra.de\/wp-content\/uploads\/2023\/01\/Widerrufsbelehrung-WEbseite-unten-neben-Impressum.pdf\" target=\"_blank\" class=\"elementor-button-link elementor-button elementor-size-sm\" role=\"button\">\r\n\t\t\t\t\t\t<span class=\"elementor-button-content-wrapper\">\r\n\t\t\t\t\t\t\t<span class=\"elementor-button-icon elementor-align-icon-right\">\r\n\t\t\t\t<i aria-hidden=\"true\" class=\"icon icon-right-arrow\"><\/i>\t\t\t<\/span>\r\n\t\t\t\t\t\t<span class=\"elementor-button-text\">\u0130ndirmek i\u00e7in PDF<\/span>\r\n\t\t<\/span>\r\n\t\t\t\t\t<\/a>\r\n\t\t<\/div>\r\n\t\t\t\t<\/div>\r\n\t\t\t\t<\/div>\r\n\t\t\t\t\t<\/div>\r\n\t\t<\/div>\r\n\t\t\t\t\t\t\t<\/div>\r\n\t\t<\/section>\r\n\t\t\t\t\t\t\t<\/div>","protected":false},"excerpt":{"rendered":"<p>Mesafeli sat\u0131\u015f sonras\u0131 iptal politikas\u0131 Vekaletin bir t\u00fcketiciyle, yani vekalet ili\u015fkisini a\u011f\u0131rl\u0131kl\u0131 olarak ne ticari ne de ba\u011f\u0131ms\u0131z mesleki faaliyetine atfedilebilecek ama\u00e7lar i\u00e7in akdeden ger\u00e7ek bir ki\u015fiyle akdedildi\u011fi \u00f6l\u00e7\u00fcde, i\u015f yerinden uzakta akdedilen bir s\u00f6zle\u015fme, yani bir s\u00f6zle\u015fme varsa, mesafeli sat\u0131\u015f kurallar\u0131 kapsam\u0131nda bir hizmet mevcuttur [...].<\/p>","protected":false},"author":2,"featured_media":0,"parent":0,"menu_order":0,"comment_status":"closed","ping_status":"closed","template":"elementor_header_footer","meta":[],"yoast_head":"<!-- This site is optimized with the Yoast SEO plugin v19.11 - https:\/\/yoast.com\/wordpress\/plugins\/seo\/ -->\n<title>Widerruf - Altun Turak<\/title>\n<meta name=\"description\" content=\"Die allgemeinen Widerrufsbedingungen der \u00fcber\u00f6rtlichen DUAL Rechtsanwaltskanzlei.\" \/>\n<meta name=\"robots\" content=\"index, follow, max-snippet:-1, max-image-preview:large, max-video-preview:-1\" \/>\n<link rel=\"canonical\" href=\"https:\/\/dual-ra.de\/tr\/widerruf\/\" \/>\n<meta property=\"og:locale\" content=\"tr_TR\" \/>\n<meta property=\"og:type\" content=\"article\" \/>\n<meta property=\"og:title\" content=\"Widerruf - Altun Turak\" \/>\n<meta property=\"og:description\" content=\"Die allgemeinen Widerrufsbedingungen der \u00fcber\u00f6rtlichen DUAL Rechtsanwaltskanzlei.\" \/>\n<meta property=\"og:url\" content=\"https:\/\/dual-ra.de\/tr\/widerruf\/\" \/>\n<meta property=\"og:site_name\" content=\"Altun Turak\" \/>\n<meta property=\"article:modified_time\" content=\"2023-03-08T09:53:54+00:00\" \/>\n<meta name=\"twitter:card\" content=\"summary_large_image\" \/>\n<meta name=\"twitter:label1\" content=\"Tahmini okuma s\u00fcresi\" \/>\n\t<meta name=\"twitter:data1\" content=\"4 dakika\" \/>\n<script type=\"application\/ld+json\" class=\"yoast-schema-graph\">{\"@context\":\"https:\/\/schema.org\",\"@graph\":[{\"@type\":\"WebPage\",\"@id\":\"https:\/\/dual-ra.de\/widerruf\/\",\"url\":\"https:\/\/dual-ra.de\/widerruf\/\",\"name\":\"Widerruf - Altun Turak\",\"isPartOf\":{\"@id\":\"https:\/\/dual-ra.de\/#website\"},\"datePublished\":\"2023-01-09T13:52:28+00:00\",\"dateModified\":\"2023-03-08T09:53:54+00:00\",\"description\":\"Die allgemeinen Widerrufsbedingungen der \u00fcber\u00f6rtlichen DUAL Rechtsanwaltskanzlei.\",\"breadcrumb\":{\"@id\":\"https:\/\/dual-ra.de\/widerruf\/#breadcrumb\"},\"inLanguage\":\"tr\",\"potentialAction\":[{\"@type\":\"ReadAction\",\"target\":[\"https:\/\/dual-ra.de\/widerruf\/\"]}]},{\"@type\":\"BreadcrumbList\",\"@id\":\"https:\/\/dual-ra.de\/widerruf\/#breadcrumb\",\"itemListElement\":[{\"@type\":\"ListItem\",\"position\":1,\"name\":\"Startseite\",\"item\":\"https:\/\/dual-ra.de\/\"},{\"@type\":\"ListItem\",\"position\":2,\"name\":\"Widerruf\"}]},{\"@type\":\"WebSite\",\"@id\":\"https:\/\/dual-ra.de\/#website\",\"url\":\"https:\/\/dual-ra.de\/\",\"name\":\"Altun Turak\",\"description\":\"\",\"potentialAction\":[{\"@type\":\"SearchAction\",\"target\":{\"@type\":\"EntryPoint\",\"urlTemplate\":\"https:\/\/dual-ra.de\/?s={search_term_string}\"},\"query-input\":\"required name=search_term_string\"}],\"inLanguage\":\"tr\"}]}<\/script>\n<!-- \/ Yoast SEO plugin. -->","yoast_head_json":{"title":"Widerruf - Altun Turak","description":"Die allgemeinen Widerrufsbedingungen der \u00fcber\u00f6rtlichen DUAL Rechtsanwaltskanzlei.","robots":{"index":"index","follow":"follow","max-snippet":"max-snippet:-1","max-image-preview":"max-image-preview:large","max-video-preview":"max-video-preview:-1"},"canonical":"https:\/\/dual-ra.de\/tr\/widerruf\/","og_locale":"tr_TR","og_type":"article","og_title":"Widerruf - Altun Turak","og_description":"Die allgemeinen Widerrufsbedingungen der \u00fcber\u00f6rtlichen DUAL Rechtsanwaltskanzlei.","og_url":"https:\/\/dual-ra.de\/tr\/widerruf\/","og_site_name":"Altun Turak","article_modified_time":"2023-03-08T09:53:54+00:00","twitter_card":"summary_large_image","twitter_misc":{"Tahmini okuma s\u00fcresi":"4 dakika"},"schema":{"@context":"https:\/\/schema.org","@graph":[{"@type":"WebPage","@id":"https:\/\/dual-ra.de\/widerruf\/","url":"https:\/\/dual-ra.de\/widerruf\/","name":"Widerruf - Altun Turak","isPartOf":{"@id":"https:\/\/dual-ra.de\/#website"},"datePublished":"2023-01-09T13:52:28+00:00","dateModified":"2023-03-08T09:53:54+00:00","description":"Die allgemeinen Widerrufsbedingungen der \u00fcber\u00f6rtlichen DUAL Rechtsanwaltskanzlei.","breadcrumb":{"@id":"https:\/\/dual-ra.de\/widerruf\/#breadcrumb"},"inLanguage":"tr","potentialAction":[{"@type":"ReadAction","target":["https:\/\/dual-ra.de\/widerruf\/"]}]},{"@type":"BreadcrumbList","@id":"https:\/\/dual-ra.de\/widerruf\/#breadcrumb","itemListElement":[{"@type":"ListItem","position":1,"name":"Startseite","item":"https:\/\/dual-ra.de\/"},{"@type":"ListItem","position":2,"name":"Widerruf"}]},{"@type":"WebSite","@id":"https:\/\/dual-ra.de\/#website","url":"https:\/\/dual-ra.de\/","name":"Altun Turak","description":"","potentialAction":[{"@type":"SearchAction","target":{"@type":"EntryPoint","urlTemplate":"https:\/\/dual-ra.de\/?s={search_term_string}"},"query-input":"required name=search_term_string"}],"inLanguage":"tr"}]}},"_links":{"self":[{"href":"https:\/\/dual-ra.de\/tr\/wp-json\/wp\/v2\/pages\/1903"}],"collection":[{"href":"https:\/\/dual-ra.de\/tr\/wp-json\/wp\/v2\/pages"}],"about":[{"href":"https:\/\/dual-ra.de\/tr\/wp-json\/wp\/v2\/types\/page"}],"author":[{"embeddable":true,"href":"https:\/\/dual-ra.de\/tr\/wp-json\/wp\/v2\/users\/2"}],"replies":[{"embeddable":true,"href":"https:\/\/dual-ra.de\/tr\/wp-json\/wp\/v2\/comments?post=1903"}],"version-history":[{"count":21,"href":"https:\/\/dual-ra.de\/tr\/wp-json\/wp\/v2\/pages\/1903\/revisions"}],"predecessor-version":[{"id":3066,"href":"https:\/\/dual-ra.de\/tr\/wp-json\/wp\/v2\/pages\/1903\/revisions\/3066"}],"wp:attachment":[{"href":"https:\/\/dual-ra.de\/tr\/wp-json\/wp\/v2\/media?parent=1903"}],"curies":[{"name":"wp","href":"https:\/\/api.w.org\/{rel}","templated":true}]}}