{"id":15,"date":"2022-08-15T14:06:06","date_gmt":"2022-08-15T14:06:06","guid":{"rendered":"https:\/\/dual-ra.de\/?page_id=15"},"modified":"2023-03-08T10:03:05","modified_gmt":"2023-03-08T10:03:05","slug":"impressum","status":"publish","type":"page","link":"https:\/\/dual-ra.de\/tr\/impressum\/","title":{"rendered":"K\u00fcnye"},"content":{"rendered":"<div data-elementor-type=\"wp-page\" data-elementor-id=\"15\" class=\"elementor elementor-15\">\r\n\t\t\t\t\t\t\t\t\t<section class=\"elementor-section elementor-top-section elementor-element elementor-element-f5e46ae elementor-section-full_width elementor-section-height-default elementor-section-height-default\" data-id=\"f5e46ae\" data-element_type=\"section\" data-settings=\"{&quot;background_background&quot;:&quot;classic&quot;}\">\r\n\t\t\t\t\t\t<div class=\"elementor-container elementor-column-gap-default\">\r\n\t\t\t\t\t<div class=\"elementor-column elementor-col-100 elementor-top-column elementor-element elementor-element-5e0ee66\" data-id=\"5e0ee66\" data-element_type=\"column\" data-settings=\"{&quot;background_background&quot;:&quot;classic&quot;}\">\r\n\t\t\t<div class=\"elementor-widget-wrap elementor-element-populated\">\r\n\t\t\t\t\t\t\t\t<div class=\"elementor-element elementor-element-27ab9b1 elementor-widget elementor-widget-spacer\" data-id=\"27ab9b1\" data-element_type=\"widget\" data-widget_type=\"spacer.default\">\r\n\t\t\t\t<div class=\"elementor-widget-container\">\r\n\t\t\t<style>\/*! elementor - v3.8.1 - 13-11-2022 *\/\r\n.elementor-column .elementor-spacer-inner{height:var(--spacer-size)}.e-con{--container-widget-width:100%}.e-con-inner>.elementor-widget-spacer,.e-con>.elementor-widget-spacer{width:var(--container-widget-width,var(--spacer-size));-ms-flex-item-align:stretch;align-self:stretch;-ms-flex-negative:0;flex-shrink:0}.e-con-inner>.elementor-widget-spacer>.elementor-widget-container,.e-con-inner>.elementor-widget-spacer>.elementor-widget-container>.elementor-spacer,.e-con>.elementor-widget-spacer>.elementor-widget-container,.e-con>.elementor-widget-spacer>.elementor-widget-container>.elementor-spacer{height:100%}.e-con-inner>.elementor-widget-spacer>.elementor-widget-container>.elementor-spacer>.elementor-spacer-inner,.e-con>.elementor-widget-spacer>.elementor-widget-container>.elementor-spacer>.elementor-spacer-inner{height:var(--container-widget-height,var(--spacer-size))}<\/style>\t\t<div class=\"elementor-spacer\">\r\n\t\t\t<div class=\"elementor-spacer-inner\"><\/div>\r\n\t\t<\/div>\r\n\t\t\t\t<\/div>\r\n\t\t\t\t<\/div>\r\n\t\t\t\t\t<\/div>\r\n\t\t<\/div>\r\n\t\t\t\t\t\t\t<\/div>\r\n\t\t<\/section>\r\n\t\t\t\t<section class=\"elementor-section elementor-top-section elementor-element elementor-element-54c7ad6 elementor-section-boxed elementor-section-height-default elementor-section-height-default\" data-id=\"54c7ad6\" data-element_type=\"section\">\r\n\t\t\t\t\t\t<div class=\"elementor-container elementor-column-gap-default\">\r\n\t\t\t\t\t<div class=\"elementor-column elementor-col-50 elementor-top-column elementor-element elementor-element-1055070\" data-id=\"1055070\" data-element_type=\"column\" data-settings=\"{&quot;background_background&quot;:&quot;classic&quot;}\">\r\n\t\t\t<div class=\"elementor-widget-wrap elementor-element-populated\">\r\n\t\t\t\t\t\t\t\t<div class=\"elementor-element elementor-element-b5bc05e elementor-widget elementor-widget-heading\" data-id=\"b5bc05e\" data-element_type=\"widget\" data-widget_type=\"heading.default\">\r\n\t\t\t\t<div class=\"elementor-widget-container\">\r\n\t\t\t<style>\/*! elementor - v3.8.1 - 13-11-2022 *\/\r\n.elementor-heading-title{padding:0;margin:0;line-height:1}.elementor-widget-heading .elementor-heading-title[class*=elementor-size-]>a{color:inherit;font-size:inherit;line-height:inherit}.elementor-widget-heading .elementor-heading-title.elementor-size-small{font-size:15px}.elementor-widget-heading .elementor-heading-title.elementor-size-medium{font-size:19px}.elementor-widget-heading .elementor-heading-title.elementor-size-large{font-size:29px}.elementor-widget-heading .elementor-heading-title.elementor-size-xl{font-size:39px}.elementor-widget-heading .elementor-heading-title.elementor-size-xxl{font-size:59px}<\/style><h1 class=\"elementor-heading-title elementor-size-default\">K\u00fcnye<\/h1>\t\t<\/div>\r\n\t\t\t\t<\/div>\r\n\t\t\t\t\t<\/div>\r\n\t\t<\/div>\r\n\t\t\t\t<div class=\"elementor-column elementor-col-50 elementor-top-column elementor-element elementor-element-8f8aebb\" data-id=\"8f8aebb\" data-element_type=\"column\">\r\n\t\t\t<div class=\"elementor-widget-wrap\">\r\n\t\t\t\t\t\t\t\t\t<\/div>\r\n\t\t<\/div>\r\n\t\t\t\t\t\t\t<\/div>\r\n\t\t<\/section>\r\n\t\t\t\t<section class=\"elementor-section elementor-top-section elementor-element elementor-element-ad53c8c elementor-section-boxed elementor-section-height-default elementor-section-height-default\" data-id=\"ad53c8c\" data-element_type=\"section\">\r\n\t\t\t\t\t\t<div class=\"elementor-container elementor-column-gap-default\">\r\n\t\t\t\t\t<div class=\"elementor-column elementor-col-100 elementor-top-column elementor-element elementor-element-37d6efb\" data-id=\"37d6efb\" data-element_type=\"column\">\r\n\t\t\t<div class=\"elementor-widget-wrap elementor-element-populated\">\r\n\t\t\t\t\t\t\t\t<div class=\"elementor-element elementor-element-2ec2ed6 elementor-widget elementor-widget-heading\" data-id=\"2ec2ed6\" data-element_type=\"widget\" data-widget_type=\"heading.default\">\r\n\t\t\t\t<div class=\"elementor-widget-container\">\r\n\t\t\t<h2 class=\"elementor-heading-title elementor-size-default\">TMG Madde 5 uyar\u0131nca bilgiler<\/h2>\t\t<\/div>\r\n\t\t\t\t<\/div>\r\n\t\t\t\t<div class=\"elementor-element elementor-element-abf30d3 elementor-widget elementor-widget-text-editor\" data-id=\"abf30d3\" data-element_type=\"widget\" data-widget_type=\"text-editor.default\">\r\n\t\t\t\t<div class=\"elementor-widget-container\">\r\n\t\t\t<style>\/*! elementor - v3.8.1 - 13-11-2022 *\/\r\n.elementor-widget-text-editor.elementor-drop-cap-view-stacked .elementor-drop-cap{background-color:#818a91;color:#fff}.elementor-widget-text-editor.elementor-drop-cap-view-framed .elementor-drop-cap{color:#818a91;border:3px solid;background-color:transparent}.elementor-widget-text-editor:not(.elementor-drop-cap-view-default) .elementor-drop-cap{margin-top:8px}.elementor-widget-text-editor:not(.elementor-drop-cap-view-default) .elementor-drop-cap-letter{width:1em;height:1em}.elementor-widget-text-editor .elementor-drop-cap{float:left;text-align:center;line-height:1;font-size:50px}.elementor-widget-text-editor .elementor-drop-cap-letter{display:inline-block}<\/style>\t\t\t\t<h3>\u0130\u00e7erikten sorumludur:<\/h3><p>\u0130kili Hukuk B\u00fcrosu<br \/>\u0130\u015fletme sahibi Duygu Altun-Turak<br \/>Avukat<\/p><p>Schoolstr.48<br \/>51373 Leverkusen<br \/>Almanya<\/p><p>Tel: +49214 86086014<br \/>Faks: +49 21486084366<br \/>Mobil Faks: +49 3212-1480493<br \/>Mob: +49 159 01989971<\/p><p>E-posta: <a href=\"mailto:of****@*****ra.de\" data-original-string=\"SZ9Zp8JM++DBRDCojnnxcg==5e37OeyfCuZQhrTZXokKhRjafVqRzuN+GWwgBKUULLQ8ks=\" title=\"Bu ki\u015fi Anti-Spam by CleanTalk taraf\u0131ndan kodlanm\u0131\u015ft\u0131r. \u015eifreyi \u00e7\u00f6zmek i\u00e7in t\u0131klay\u0131n. Kod \u00e7\u00f6zme i\u015flemini tamamlamak i\u00e7in taray\u0131c\u0131n\u0131zda JavaScript&#039;in etkin oldu\u011fundan emin olun.\"><span \r\n                data-original-string='vaflTLYSqYtDvnW6\/N87ag==5e37f341PhRD4L6kKP9Audt0jwLl54rG7KN3dpg+P+HW\/E='\r\n                class='apbct-email-encoder'\r\n                title='Bu ki\u015fi Anti-Spam by CleanTalk taraf\u0131ndan kodlanm\u0131\u015ft\u0131r. \u015eifreyi \u00e7\u00f6zmek i\u00e7in t\u0131klay\u0131n. Kod \u00e7\u00f6zme i\u015flemini tamamlamak i\u00e7in taray\u0131c\u0131n\u0131zda JavaScript&#039;in etkin oldu\u011fundan emin olun.'>.<span class=\"apbct-blur\">****<\/span>@<span class=\"apbct-blur\">*****<\/span>ra.de<\/span><\/a><\/p><p>KDV Kimlik No: DE317693694<\/p><p>Bir web sitesi <a href=\"https:\/\/allaboutdesigns.de\/\" target=\"_blank\" rel=\"noopener\">HER \u015eEY<\/a> Tasar\u0131m<\/p><p><span style=\"color: var( --e-global-color-text ); font-size: 17px;\">Dijital \u0130leti\u015fim ve Web Geli\u015ftirme: <a href=\"https:\/\/pixelfirst.de\/\">Pixelfirst<\/a><\/span><\/p><p><span style=\"font-size: 17px; color: var( --e-global-color-text );\">Logo tasar\u0131m\u0131: <\/span><a style=\"font-size: 17px; background-color: #ffffff;\" href=\"http:\/\/linkedin.com\/in\/nadia-topete-79bb034b\">Nadja Topete<\/a><\/p><p>Chancery foto\u011fraflar\u0131: <a href=\"http:\/\/www.foto-loeber-weblog.de\/\">Bernd Loeber<\/a><\/p><h3>Profesyonel:<\/h3><p>Avukat Duygu Altun-Turak*<\/p><p><span style=\"font-size: 17px; color: var( --e-global-color-text );\">*) ayn\u0131 zamanda veri koruma g\u00f6revlisi (T\u00dcV)<\/span><\/p><p>*) Ayn\u0131 zamanda Uyum G\u00f6revlisi (T\u00dcV)<\/p><p>*) Alman Barolar Birli\u011fi DAV e.V. \u00dcyesi<br \/>*) K\u00f6ln Barosu e.V. \u00dcyesi<\/p><p>Yetkili Baro (*) (**)<\/p><p>K\u00f6ln Barosu<br \/>Riehler Str. 30<br \/>50668 K\u00f6ln<\/p><p>Avukat Altun-Turak a\u015fa\u011f\u0131daki mesleki d\u00fczenlemelere tabidir:<\/p><p>Federal Avukatlar Yasas\u0131 (BRAO),<br \/>Avukatlar i\u00e7in Mesleki Davran\u0131\u015f Kurallar\u0131 (BORA),<br \/>Uzman Avukatlar Yasas\u0131 (FAO),<br \/>Avukatl\u0131k \u00dccret Yasas\u0131 (RVG)<\/p><p>A\u015fa\u011f\u0131da belirtilen yasal h\u00fck\u00fcmleri bulabilirsiniz<\/p><p>http:\/\/bundesrecht.juris.de\/bundesrecht\/index.html<\/p><p>ve alt\u0131nda<\/p><p>www.brak.de<\/p><p>DL-InfoV \u00a7 2 uyar\u0131nca zorunlu bilgiler<br \/>Mesleki unvan: Rechtsanwalt, Almanya'da verilmi\u015ftir<\/p><p>Mesleki sorumluluk sigortas\u0131: Zurich Versicherung, Deutzer Allee 1, 50679 K\u00f6ln. Co\u011frafi ge\u00e7erlilik alan\u0131 Federal Almanya Cumhuriyeti'dir. Sigorta teminat\u0131, a) di\u011fer devletlerde kurulan veya s\u00fcrd\u00fcr\u00fclen hukuk b\u00fcrolar\u0131 veya ofisleri arac\u0131l\u0131\u011f\u0131yla b) Avrupa d\u0131\u015f\u0131 hukukla ilgili dan\u0131\u015fmanl\u0131k sa\u011flanmas\u0131 ve i\u015flem yap\u0131lmas\u0131yla c) avukat\u0131n Avrupa d\u0131\u015f\u0131 mahkemeler nezdindeki faaliyetlerinden kaynaklanan sorumluluk talepleri i\u00e7in ge\u00e7erli de\u011fildir.<\/p><p>Kullan\u0131lan yetki ko\u015fullar\u0131n\u0131 burada bulabilirsiniz.<\/p><p>DL-InfoV \u00a7\u00a7 3, 4 uyar\u0131nca daha fazla bilgiyi burada bulabilirsiniz.<\/p><p>Mahkeme d\u0131\u015f\u0131 uyu\u015fmazl\u0131k \u00e7\u00f6z\u00fcm\u00fc<br \/>Bei Streitigkeiten zwischen Rechtsanw\u00e4lten und ihren Auftraggebern besteht auf Antrag die M\u00f6glichkeit der au\u00dfergerichtlichen Streitschlichtung bei der regionalen Rechtsanwaltskammer K\u00f6ln (gem. \u00a7 73 Abs. 2, Nr. 3 i. V. m. \u00a7 73 Abs. 5 BRAO) oder bei der Schlichtungsstelle der Rechtsanwaltschaft (\u00a7\u00a7 191 f. BRAO) bei der Bundesrechtsanwaltskammer (E-Mail: <span \r\n                data-original-string='m6kRINmFX9\/i9t8Ii4ObTQ==5e3l2vTAzm8cSX3a2+oCXVoBNben8Ub2fcdEEuH3pedH00='\r\n                class='apbct-email-encoder'\r\n                title='Bu ki\u015fi Anti-Spam by CleanTalk taraf\u0131ndan kodlanm\u0131\u015ft\u0131r. \u015eifreyi \u00e7\u00f6zmek i\u00e7in t\u0131klay\u0131n. Kod \u00e7\u00f6zme i\u015flemini tamamlamak i\u00e7in taray\u0131c\u0131n\u0131zda JavaScript&#039;in etkin oldu\u011fundan emin olun.'>sc<span class=\"apbct-blur\">****************<\/span>@<span class=\"apbct-blur\">**<\/span>ak.de<\/span>).<\/p><p>M\u00fc\u015fteri ili\u015fkisinden kaynaklanan ve 50.000 Euro'ya kadar olan m\u00fclkiyet uyu\u015fmazl\u0131klar\u0131 i\u00e7in yetkili t\u00fcketici tahkim kurulu, Baro Tahkim Kurulu, Rauchstr. 26, 10787 Berlin, www.schlichtungsstelle-der-rechtsanwaltschaft.de\/<\/p><p>Mahkeme d\u0131\u015f\u0131 \u00e7evrimi\u00e7i uyu\u015fmazl\u0131k \u00e7\u00f6z\u00fcm\u00fc i\u00e7in AB platformu:<\/p><p>https:\/\/ec.europa.eu\/consumers\/odr\/<\/p><p>T\u00fcketici hakem heyeti nezdindeki uyu\u015fmazl\u0131k \u00e7\u00f6z\u00fcm s\u00fcre\u00e7lerine kat\u0131lm\u0131yoruz.<\/p><p>Not<br \/>TMG \u00a7 5 ve DL-InfoV \u00a7 2 uyar\u0131nca yukar\u0131daki bilgiler, hukuk b\u00fcrosunun Facebook ve Google+'daki teklifleri i\u00e7in de ge\u00e7erlidir.<\/p><p>Cayma hakk\u0131<br \/>Avukat Altun-Turak'a bir t\u00fcketici olarak yaln\u0131zca uzaktan ileti\u015fim ara\u00e7lar\u0131n\u0131 (\u00f6rn. telefon, e-posta, faks, web sitesi, posta) kullanarak size tavsiyede bulunmas\u0131 ve\/veya sizi temsil etmesi i\u00e7in talimat verirseniz, yasal bir cayma hakk\u0131n\u0131z vard\u0131r. Alman Medeni Kanunu'nun (BGB) 13. maddesine g\u00f6re, ger\u00e7ek bir ki\u015fi olarak, a\u011f\u0131rl\u0131kl\u0131 olarak ne ticari ne de ba\u011f\u0131ms\u0131z mesleki faaliyetinize atfedilebilecek ama\u00e7lar i\u00e7in yasal bir i\u015flem ger\u00e7ekle\u015ftirirseniz, yaln\u0131zca t\u00fcketici olursunuz. Yasal olarak gerekli iptal politikas\u0131n\u0131 burada bulabilirsiniz.<\/p><h4>Kullan\u0131lan g\u00f6rseller i\u00e7in kaynak referans\u0131:<\/h4><p><a href=\"https:\/\/pexels.com\/\">Stok Foto\u011fraflar, Telifsiz G\u00f6rseller ve \u00dccretsiz Resimler (pexels.com)<\/a><\/p><p><a href=\"https:\/\/stock.adobe.com\/de\/?ef_id=875e8253d6e717cc0c0ce1b0b7cc2d8f:G:s&amp;s_kwcid=AL!3085!10!79164934023764!79165145755151&amp;as_channel=sem&amp;as_campclass=brand&amp;as_campaign=DE|CPRO|Stock|PURCH|AS_Brand|BNG||&amp;as_source=bing&amp;as_camptype=acquisition&amp;sdid=NGWGRLLK&amp;mv=search&amp;msclkid=875e8253d6e717cc0c0ce1b0b7cc2d8f\">Stok foto\u011fraflar, telifsiz g\u00f6rseller, grafikler, vekt\u00f6rler ve videolar | Adobe Stock<\/a><\/p>\t\t\t\t\t\t<\/div>\r\n\t\t\t\t<\/div>\r\n\t\t\t\t\t<\/div>\r\n\t\t<\/div>\r\n\t\t\t\t\t\t\t<\/div>\r\n\t\t<\/section>\r\n\t\t\t\t\t\t\t<\/div>","protected":false},"excerpt":{"rendered":"<p>Impressum Angaben gem\u00e4\u00df \u00a7 5 TMG Inhaltlich Verantwortlicher: Dual-RechtsanwaltskanzleiGesch\u00e4ftsf\u00fchrende Inhaberin Duygu Altun-TurakRechtsanw\u00e4ltin Schulstr.4851373 LeverkusenDeutschland Tel: +49214 86086014Fax: +49 21486084366Mobile Fax: +49 3212-1480493Mob: +49 159 01989971 E-Mail: of****@*****ra.de USt-ID-Nr.: DE317693694 Eine Webseite von ALL-ABOUT Design Digital Communication &amp; Webentwicklung: Pixelfirst Logo-Design: Nadja Topete Kanzleifotos: Bernd Loeber Berufstr\u00e4ger: Rechtsanw\u00e4ltin Duygu Altun-Turak* *) zugleich Datenschutzbeauftrage (T\u00dcV) *) Zugleich [&hellip;]<\/p>","protected":false},"author":1,"featured_media":0,"parent":0,"menu_order":0,"comment_status":"closed","ping_status":"closed","template":"elementor_header_footer","meta":[],"yoast_head":"<!-- This site is optimized with the Yoast SEO plugin v19.11 - https:\/\/yoast.com\/wordpress\/plugins\/seo\/ -->\n<title>Impressum - DUAL Rechtsanwaltskanzlei<\/title>\n<meta name=\"description\" content=\"Hier finden Sie das Impressum von der DUAL Rechtsanwaltskanzlei. Alle rechtlichen Informationen erhalten Sie hier.\" \/>\n<meta name=\"robots\" content=\"index, follow, max-snippet:-1, max-image-preview:large, max-video-preview:-1\" \/>\n<link rel=\"canonical\" href=\"https:\/\/dual-ra.de\/tr\/impressum\/\" \/>\n<meta property=\"og:locale\" content=\"tr_TR\" \/>\n<meta property=\"og:type\" content=\"article\" \/>\n<meta property=\"og:title\" content=\"Impressum - DUAL Rechtsanwaltskanzlei\" \/>\n<meta property=\"og:description\" content=\"Hier finden Sie das Impressum von der DUAL Rechtsanwaltskanzlei. Alle rechtlichen Informationen erhalten Sie hier.\" \/>\n<meta property=\"og:url\" content=\"https:\/\/dual-ra.de\/tr\/impressum\/\" \/>\n<meta property=\"og:site_name\" content=\"Altun Turak\" \/>\n<meta property=\"article:modified_time\" content=\"2023-03-08T10:03:05+00:00\" \/>\n<meta name=\"twitter:card\" content=\"summary_large_image\" \/>\n<meta name=\"twitter:label1\" content=\"Tahmini okuma s\u00fcresi\" \/>\n\t<meta name=\"twitter:data1\" content=\"3 dakika\" \/>\n<script type=\"application\/ld+json\" class=\"yoast-schema-graph\">{\"@context\":\"https:\/\/schema.org\",\"@graph\":[{\"@type\":\"WebPage\",\"@id\":\"https:\/\/dual-ra.de\/en\/impressum\/\",\"url\":\"https:\/\/dual-ra.de\/en\/impressum\/\",\"name\":\"Impressum - DUAL Rechtsanwaltskanzlei\",\"isPartOf\":{\"@id\":\"https:\/\/dual-ra.de\/#website\"},\"datePublished\":\"2022-08-15T14:06:06+00:00\",\"dateModified\":\"2023-03-08T10:03:05+00:00\",\"description\":\"Hier finden Sie das Impressum von der DUAL Rechtsanwaltskanzlei. Alle rechtlichen Informationen erhalten Sie hier.\",\"breadcrumb\":{\"@id\":\"https:\/\/dual-ra.de\/en\/impressum\/#breadcrumb\"},\"inLanguage\":\"tr\",\"potentialAction\":[{\"@type\":\"ReadAction\",\"target\":[\"https:\/\/dual-ra.de\/en\/impressum\/\"]}]},{\"@type\":\"BreadcrumbList\",\"@id\":\"https:\/\/dual-ra.de\/en\/impressum\/#breadcrumb\",\"itemListElement\":[{\"@type\":\"ListItem\",\"position\":1,\"name\":\"Startseite\",\"item\":\"https:\/\/dual-ra.de\/\"},{\"@type\":\"ListItem\",\"position\":2,\"name\":\"Impressum\"}]},{\"@type\":\"WebSite\",\"@id\":\"https:\/\/dual-ra.de\/#website\",\"url\":\"https:\/\/dual-ra.de\/\",\"name\":\"Altun Turak\",\"description\":\"\",\"potentialAction\":[{\"@type\":\"SearchAction\",\"target\":{\"@type\":\"EntryPoint\",\"urlTemplate\":\"https:\/\/dual-ra.de\/?s={search_term_string}\"},\"query-input\":\"required name=search_term_string\"}],\"inLanguage\":\"tr\"}]}<\/script>\n<!-- \/ Yoast SEO plugin. -->","yoast_head_json":{"title":"Impressum - DUAL Rechtsanwaltskanzlei","description":"Hier finden Sie das Impressum von der DUAL Rechtsanwaltskanzlei. Alle rechtlichen Informationen erhalten Sie hier.","robots":{"index":"index","follow":"follow","max-snippet":"max-snippet:-1","max-image-preview":"max-image-preview:large","max-video-preview":"max-video-preview:-1"},"canonical":"https:\/\/dual-ra.de\/tr\/impressum\/","og_locale":"tr_TR","og_type":"article","og_title":"Impressum - DUAL Rechtsanwaltskanzlei","og_description":"Hier finden Sie das Impressum von der DUAL Rechtsanwaltskanzlei. Alle rechtlichen Informationen erhalten Sie hier.","og_url":"https:\/\/dual-ra.de\/tr\/impressum\/","og_site_name":"Altun Turak","article_modified_time":"2023-03-08T10:03:05+00:00","twitter_card":"summary_large_image","twitter_misc":{"Tahmini okuma s\u00fcresi":"3 dakika"},"schema":{"@context":"https:\/\/schema.org","@graph":[{"@type":"WebPage","@id":"https:\/\/dual-ra.de\/en\/impressum\/","url":"https:\/\/dual-ra.de\/en\/impressum\/","name":"Impressum - DUAL Rechtsanwaltskanzlei","isPartOf":{"@id":"https:\/\/dual-ra.de\/#website"},"datePublished":"2022-08-15T14:06:06+00:00","dateModified":"2023-03-08T10:03:05+00:00","description":"Hier finden Sie das Impressum von der DUAL Rechtsanwaltskanzlei. Alle rechtlichen Informationen erhalten Sie hier.","breadcrumb":{"@id":"https:\/\/dual-ra.de\/en\/impressum\/#breadcrumb"},"inLanguage":"tr","potentialAction":[{"@type":"ReadAction","target":["https:\/\/dual-ra.de\/en\/impressum\/"]}]},{"@type":"BreadcrumbList","@id":"https:\/\/dual-ra.de\/en\/impressum\/#breadcrumb","itemListElement":[{"@type":"ListItem","position":1,"name":"Startseite","item":"https:\/\/dual-ra.de\/"},{"@type":"ListItem","position":2,"name":"Impressum"}]},{"@type":"WebSite","@id":"https:\/\/dual-ra.de\/#website","url":"https:\/\/dual-ra.de\/","name":"Altun Turak","description":"","potentialAction":[{"@type":"SearchAction","target":{"@type":"EntryPoint","urlTemplate":"https:\/\/dual-ra.de\/?s={search_term_string}"},"query-input":"required name=search_term_string"}],"inLanguage":"tr"}]}},"_links":{"self":[{"href":"https:\/\/dual-ra.de\/tr\/wp-json\/wp\/v2\/pages\/15"}],"collection":[{"href":"https:\/\/dual-ra.de\/tr\/wp-json\/wp\/v2\/pages"}],"about":[{"href":"https:\/\/dual-ra.de\/tr\/wp-json\/wp\/v2\/types\/page"}],"author":[{"embeddable":true,"href":"https:\/\/dual-ra.de\/tr\/wp-json\/wp\/v2\/users\/1"}],"replies":[{"embeddable":true,"href":"https:\/\/dual-ra.de\/tr\/wp-json\/wp\/v2\/comments?post=15"}],"version-history":[{"count":51,"href":"https:\/\/dual-ra.de\/tr\/wp-json\/wp\/v2\/pages\/15\/revisions"}],"predecessor-version":[{"id":3074,"href":"https:\/\/dual-ra.de\/tr\/wp-json\/wp\/v2\/pages\/15\/revisions\/3074"}],"wp:attachment":[{"href":"https:\/\/dual-ra.de\/tr\/wp-json\/wp\/v2\/media?parent=15"}],"curies":[{"name":"wp","href":"https:\/\/api.w.org\/{rel}","templated":true}]}}