{"id":2605,"date":"2023-01-26T12:08:30","date_gmt":"2023-01-26T12:08:30","guid":{"rendered":"https:\/\/dual-ra.de\/?page_id=2605"},"modified":"2023-02-24T14:43:32","modified_gmt":"2023-02-24T14:43:32","slug":"gender-hinweis","status":"publish","type":"page","link":"https:\/\/dual-ra.de\/en\/gender-hinweis\/","title":{"rendered":"GENDER - NOTE"},"content":{"rendered":"<p>In some cases, we have omitted gender-specific terms to make reading more comfortable. We deliberately use personal nouns in the masculine form without disparaging or discriminating against female or intersex people. All information and services on this website are equally valid for all people.<\/p>","protected":false},"excerpt":{"rendered":"<p>In some cases, we have omitted gender-specific terms to make reading more comfortable. We deliberately use personal nouns in the masculine form without disparaging or discriminating against female or intersex people. All information and services on this website are equally valid for all people.<\/p>","protected":false},"author":2,"featured_media":0,"parent":0,"menu_order":0,"comment_status":"closed","ping_status":"closed","template":"","meta":[],"yoast_head":"<!-- This site is optimized with the Yoast SEO plugin v19.11 - https:\/\/yoast.com\/wordpress\/plugins\/seo\/ -->\n<title>GENDER - HINWEIS - Altun Turak<\/title>\n<meta name=\"robots\" content=\"noindex, nofollow\" \/>\n<meta property=\"og:locale\" content=\"en_GB\" \/>\n<meta property=\"og:type\" content=\"article\" \/>\n<meta property=\"og:title\" content=\"GENDER - HINWEIS - Altun Turak\" \/>\n<meta property=\"og:description\" content=\"In einigen F\u00e4llen haben wir auf geschlechtsspezifische Begriffe verzichtet, um das Lesen komfortabler zu gestalten. Wir verwenden bewusst personenbezogene Hauptw\u00f6rter in m\u00e4nnlicher Form ohne damit weibliche oder intersexuelle Personen herabzuw\u00fcrdigen oder zu diskriminieren. Alle Informationen und Dienstleistungen auf dieser Webseite sind f\u00fcr alle Menschen gleicherma\u00dfen g\u00fcltig.\" \/>\n<meta property=\"og:url\" content=\"https:\/\/dual-ra.de\/en\/gender-hinweis\/\" \/>\n<meta property=\"og:site_name\" content=\"Altun Turak\" \/>\n<meta property=\"article:modified_time\" content=\"2023-02-24T14:43:32+00:00\" \/>\n<meta name=\"twitter:card\" content=\"summary_large_image\" \/>\n<meta name=\"twitter:label1\" content=\"Estimated reading time\" \/>\n\t<meta name=\"twitter:data1\" content=\"1 minute\" \/>\n<script type=\"application\/ld+json\" class=\"yoast-schema-graph\">{\"@context\":\"https:\/\/schema.org\",\"@graph\":[{\"@type\":\"WebPage\",\"@id\":\"https:\/\/dual-ra.de\/gender-hinweis\/\",\"url\":\"https:\/\/dual-ra.de\/gender-hinweis\/\",\"name\":\"GENDER - HINWEIS - Altun Turak\",\"isPartOf\":{\"@id\":\"https:\/\/dual-ra.de\/#website\"},\"datePublished\":\"2023-01-26T12:08:30+00:00\",\"dateModified\":\"2023-02-24T14:43:32+00:00\",\"breadcrumb\":{\"@id\":\"https:\/\/dual-ra.de\/gender-hinweis\/#breadcrumb\"},\"inLanguage\":\"en-GB\",\"potentialAction\":[{\"@type\":\"ReadAction\",\"target\":[\"https:\/\/dual-ra.de\/gender-hinweis\/\"]}]},{\"@type\":\"BreadcrumbList\",\"@id\":\"https:\/\/dual-ra.de\/gender-hinweis\/#breadcrumb\",\"itemListElement\":[{\"@type\":\"ListItem\",\"position\":1,\"name\":\"Startseite\",\"item\":\"https:\/\/dual-ra.de\/\"},{\"@type\":\"ListItem\",\"position\":2,\"name\":\"GENDER &#8211; HINWEIS\"}]},{\"@type\":\"WebSite\",\"@id\":\"https:\/\/dual-ra.de\/#website\",\"url\":\"https:\/\/dual-ra.de\/\",\"name\":\"Altun Turak\",\"description\":\"\",\"potentialAction\":[{\"@type\":\"SearchAction\",\"target\":{\"@type\":\"EntryPoint\",\"urlTemplate\":\"https:\/\/dual-ra.de\/?s={search_term_string}\"},\"query-input\":\"required name=search_term_string\"}],\"inLanguage\":\"en-GB\"}]}<\/script>\n<!-- \/ Yoast SEO plugin. -->","yoast_head_json":{"title":"GENDER - HINWEIS - Altun Turak","robots":{"index":"noindex","follow":"nofollow"},"og_locale":"en_GB","og_type":"article","og_title":"GENDER - HINWEIS - Altun Turak","og_description":"In einigen F\u00e4llen haben wir auf geschlechtsspezifische Begriffe verzichtet, um das Lesen komfortabler zu gestalten. Wir verwenden bewusst personenbezogene Hauptw\u00f6rter in m\u00e4nnlicher Form ohne damit weibliche oder intersexuelle Personen herabzuw\u00fcrdigen oder zu diskriminieren. Alle Informationen und Dienstleistungen auf dieser Webseite sind f\u00fcr alle Menschen gleicherma\u00dfen g\u00fcltig.","og_url":"https:\/\/dual-ra.de\/en\/gender-hinweis\/","og_site_name":"Altun Turak","article_modified_time":"2023-02-24T14:43:32+00:00","twitter_card":"summary_large_image","twitter_misc":{"Estimated reading time":"1 minute"},"schema":{"@context":"https:\/\/schema.org","@graph":[{"@type":"WebPage","@id":"https:\/\/dual-ra.de\/gender-hinweis\/","url":"https:\/\/dual-ra.de\/gender-hinweis\/","name":"GENDER - HINWEIS - Altun Turak","isPartOf":{"@id":"https:\/\/dual-ra.de\/#website"},"datePublished":"2023-01-26T12:08:30+00:00","dateModified":"2023-02-24T14:43:32+00:00","breadcrumb":{"@id":"https:\/\/dual-ra.de\/gender-hinweis\/#breadcrumb"},"inLanguage":"en-GB","potentialAction":[{"@type":"ReadAction","target":["https:\/\/dual-ra.de\/gender-hinweis\/"]}]},{"@type":"BreadcrumbList","@id":"https:\/\/dual-ra.de\/gender-hinweis\/#breadcrumb","itemListElement":[{"@type":"ListItem","position":1,"name":"Startseite","item":"https:\/\/dual-ra.de\/"},{"@type":"ListItem","position":2,"name":"GENDER &#8211; HINWEIS"}]},{"@type":"WebSite","@id":"https:\/\/dual-ra.de\/#website","url":"https:\/\/dual-ra.de\/","name":"Altun Turak","description":"","potentialAction":[{"@type":"SearchAction","target":{"@type":"EntryPoint","urlTemplate":"https:\/\/dual-ra.de\/?s={search_term_string}"},"query-input":"required name=search_term_string"}],"inLanguage":"en-GB"}]}},"_links":{"self":[{"href":"https:\/\/dual-ra.de\/en\/wp-json\/wp\/v2\/pages\/2605"}],"collection":[{"href":"https:\/\/dual-ra.de\/en\/wp-json\/wp\/v2\/pages"}],"about":[{"href":"https:\/\/dual-ra.de\/en\/wp-json\/wp\/v2\/types\/page"}],"author":[{"embeddable":true,"href":"https:\/\/dual-ra.de\/en\/wp-json\/wp\/v2\/users\/2"}],"replies":[{"embeddable":true,"href":"https:\/\/dual-ra.de\/en\/wp-json\/wp\/v2\/comments?post=2605"}],"version-history":[{"count":2,"href":"https:\/\/dual-ra.de\/en\/wp-json\/wp\/v2\/pages\/2605\/revisions"}],"predecessor-version":[{"id":2615,"href":"https:\/\/dual-ra.de\/en\/wp-json\/wp\/v2\/pages\/2605\/revisions\/2615"}],"wp:attachment":[{"href":"https:\/\/dual-ra.de\/en\/wp-json\/wp\/v2\/media?parent=2605"}],"curies":[{"name":"wp","href":"https:\/\/api.w.org\/{rel}","templated":true}]}}